{"id":1006,"date":"2025-08-26T15:58:20","date_gmt":"2025-08-26T12:58:20","guid":{"rendered":"https:\/\/spin-samurai.games\/no\/?page_id=1006"},"modified":"2025-09-27T21:11:58","modified_gmt":"2025-09-27T18:11:58","slug":"deposit","status":"publish","type":"page","link":"https:\/\/spin-samurai.games\/no\/deposit\/","title":{"rendered":"Innskudd"},"content":{"rendered":"","protected":false},"excerpt":{"rendered":"","protected":false},"author":1,"featured_media":0,"parent":0,"menu_order":0,"comment_status":"closed","ping_status":"closed","template":"","meta":{"_acf_changed":false,"footnotes":""},"class_list":["post-1006","page","type-page","status-publish","hentry"],"acf":[],"yoast_head":"<!-- This site is optimized with the Yoast SEO plugin v25.7 - https:\/\/yoast.com\/wordpress\/plugins\/seo\/ -->\n<title>Spin Samurai Innskudd | Slik setter du inn penger p\u00e5 kontoen din<\/title>\n<meta name=\"description\" content=\"Finn ut hvor enkelt og raskt det er \u00e5 fylle p\u00e5 kontoen din hos Spin Samurai! En detaljert guide til innskuddsmetoder, minimumsbel\u00f8p og bonuser for nye spillere. Begynn \u00e5 vinne allerede n\u00e5!\" \/>\n<meta name=\"robots\" content=\"index, follow, max-snippet:-1, max-image-preview:large, max-video-preview:-1\" \/>\n<link rel=\"canonical\" href=\"https:\/\/spinsamurai.games\/no\/deposit\/\" \/>\n<meta property=\"og:locale\" content=\"nb_NO\" \/>\n<meta property=\"og:type\" content=\"article\" \/>\n<meta property=\"og:title\" content=\"Spin Samurai Innskudd | Slik setter du inn penger p\u00e5 kontoen din\" \/>\n<meta property=\"og:description\" content=\"Finn ut hvor enkelt og raskt det er \u00e5 fylle p\u00e5 kontoen din hos Spin Samurai! En detaljert guide til innskuddsmetoder, minimumsbel\u00f8p og bonuser for nye spillere. Begynn \u00e5 vinne allerede n\u00e5!\" \/>\n<meta property=\"og:url\" content=\"https:\/\/spinsamurai.games\/no\/deposit\/\" \/>\n<meta property=\"og:site_name\" content=\"Spin Samurai Games no\" \/>\n<meta property=\"article:modified_time\" content=\"2025-09-27T18:11:58+00:00\" \/>\n<meta name=\"twitter:card\" content=\"summary_large_image\" \/>\n<script type=\"application\/ld+json\" class=\"yoast-schema-graph\">{\"@context\":\"https:\/\/schema.org\",\"@graph\":[{\"@type\":\"WebPage\",\"@id\":\"https:\/\/spinsamurai.games\/no\/deposit\/\",\"url\":\"https:\/\/spinsamurai.games\/no\/deposit\/\",\"name\":\"Spin Samurai Innskudd | Slik setter du inn penger p\u00e5 kontoen din\",\"isPartOf\":{\"@id\":\"https:\/\/spin-samurai.games\/no\/#website\"},\"datePublished\":\"2025-08-26T12:58:20+00:00\",\"dateModified\":\"2025-09-27T18:11:58+00:00\",\"description\":\"Finn ut hvor enkelt og raskt det er \u00e5 fylle p\u00e5 kontoen din hos Spin Samurai! En detaljert guide til innskuddsmetoder, minimumsbel\u00f8p og bonuser for nye spillere. Begynn \u00e5 vinne allerede n\u00e5!\",\"breadcrumb\":{\"@id\":\"https:\/\/spinsamurai.games\/no\/deposit\/#breadcrumb\"},\"inLanguage\":\"nb-NO\",\"potentialAction\":[{\"@type\":\"ReadAction\",\"target\":[\"https:\/\/spinsamurai.games\/no\/deposit\/\"]}]},{\"@type\":\"BreadcrumbList\",\"@id\":\"https:\/\/spinsamurai.games\/no\/deposit\/#breadcrumb\",\"itemListElement\":[{\"@type\":\"ListItem\",\"position\":1,\"name\":\"Hjem\",\"item\":\"https:\/\/spinsamurai.games\/no\/\"},{\"@type\":\"ListItem\",\"position\":2,\"name\":\"Innskudd\"}]},{\"@type\":\"WebSite\",\"@id\":\"https:\/\/spin-samurai.games\/no\/#website\",\"url\":\"https:\/\/spin-samurai.games\/no\/\",\"name\":\"Spin Samurai Games no\",\"description\":\"\",\"potentialAction\":[{\"@type\":\"SearchAction\",\"target\":{\"@type\":\"EntryPoint\",\"urlTemplate\":\"https:\/\/spin-samurai.games\/no\/?s={search_term_string}\"},\"query-input\":{\"@type\":\"PropertyValueSpecification\",\"valueRequired\":true,\"valueName\":\"search_term_string\"}}],\"inLanguage\":\"nb-NO\"}]}<\/script>\n<!-- \/ Yoast SEO plugin. -->","yoast_head_json":{"title":"Spin Samurai Innskudd | Slik setter du inn penger p\u00e5 kontoen din","description":"Finn ut hvor enkelt og raskt det er \u00e5 fylle p\u00e5 kontoen din hos Spin Samurai! En detaljert guide til innskuddsmetoder, minimumsbel\u00f8p og bonuser for nye spillere. Begynn \u00e5 vinne allerede n\u00e5!","robots":{"index":"index","follow":"follow","max-snippet":"max-snippet:-1","max-image-preview":"max-image-preview:large","max-video-preview":"max-video-preview:-1"},"canonical":"https:\/\/spinsamurai.games\/no\/deposit\/","og_locale":"nb_NO","og_type":"article","og_title":"Spin Samurai Innskudd | Slik setter du inn penger p\u00e5 kontoen din","og_description":"Finn ut hvor enkelt og raskt det er \u00e5 fylle p\u00e5 kontoen din hos Spin Samurai! En detaljert guide til innskuddsmetoder, minimumsbel\u00f8p og bonuser for nye spillere. Begynn \u00e5 vinne allerede n\u00e5!","og_url":"https:\/\/spinsamurai.games\/no\/deposit\/","og_site_name":"Spin Samurai Games no","article_modified_time":"2025-09-27T18:11:58+00:00","twitter_card":"summary_large_image","schema":{"@context":"https:\/\/schema.org","@graph":[{"@type":"WebPage","@id":"https:\/\/spinsamurai.games\/no\/deposit\/","url":"https:\/\/spinsamurai.games\/no\/deposit\/","name":"Spin Samurai Innskudd | Slik setter du inn penger p\u00e5 kontoen din","isPartOf":{"@id":"https:\/\/spin-samurai.games\/no\/#website"},"datePublished":"2025-08-26T12:58:20+00:00","dateModified":"2025-09-27T18:11:58+00:00","description":"Finn ut hvor enkelt og raskt det er \u00e5 fylle p\u00e5 kontoen din hos Spin Samurai! En detaljert guide til innskuddsmetoder, minimumsbel\u00f8p og bonuser for nye spillere. Begynn \u00e5 vinne allerede n\u00e5!","breadcrumb":{"@id":"https:\/\/spinsamurai.games\/no\/deposit\/#breadcrumb"},"inLanguage":"nb-NO","potentialAction":[{"@type":"ReadAction","target":["https:\/\/spinsamurai.games\/no\/deposit\/"]}]},{"@type":"BreadcrumbList","@id":"https:\/\/spinsamurai.games\/no\/deposit\/#breadcrumb","itemListElement":[{"@type":"ListItem","position":1,"name":"Hjem","item":"https:\/\/spinsamurai.games\/no\/"},{"@type":"ListItem","position":2,"name":"Innskudd"}]},{"@type":"WebSite","@id":"https:\/\/spin-samurai.games\/no\/#website","url":"https:\/\/spin-samurai.games\/no\/","name":"Spin Samurai Games no","description":"","potentialAction":[{"@type":"SearchAction","target":{"@type":"EntryPoint","urlTemplate":"https:\/\/spin-samurai.games\/no\/?s={search_term_string}"},"query-input":{"@type":"PropertyValueSpecification","valueRequired":true,"valueName":"search_term_string"}}],"inLanguage":"nb-NO"}]}},"_links":{"self":[{"href":"https:\/\/spin-samurai.games\/no\/wp-json\/wp\/v2\/pages\/1006","targetHints":{"allow":["GET"]}}],"collection":[{"href":"https:\/\/spin-samurai.games\/no\/wp-json\/wp\/v2\/pages"}],"about":[{"href":"https:\/\/spin-samurai.games\/no\/wp-json\/wp\/v2\/types\/page"}],"author":[{"embeddable":true,"href":"https:\/\/spin-samurai.games\/no\/wp-json\/wp\/v2\/users\/1"}],"replies":[{"embeddable":true,"href":"https:\/\/spin-samurai.games\/no\/wp-json\/wp\/v2\/comments?post=1006"}],"version-history":[{"count":7,"href":"https:\/\/spin-samurai.games\/no\/wp-json\/wp\/v2\/pages\/1006\/revisions"}],"predecessor-version":[{"id":1119,"href":"https:\/\/spin-samurai.games\/no\/wp-json\/wp\/v2\/pages\/1006\/revisions\/1119"}],"wp:attachment":[{"href":"https:\/\/spin-samurai.games\/no\/wp-json\/wp\/v2\/media?parent=1006"}],"curies":[{"name":"wp","href":"https:\/\/api.w.org\/{rel}","templated":true}]}}