{"id":901,"date":"2025-08-21T22:52:25","date_gmt":"2025-08-21T19:52:25","guid":{"rendered":"https:\/\/spin-samurai.games\/fi\/?page_id=901"},"modified":"2025-09-27T21:20:55","modified_gmt":"2025-09-27T18:20:55","slug":"promo-code","status":"publish","type":"page","link":"https:\/\/spin-samurai.games\/fi\/promo-code\/","title":{"rendered":"Tarjouskoodi"},"content":{"rendered":"","protected":false},"excerpt":{"rendered":"","protected":false},"author":1,"featured_media":0,"parent":0,"menu_order":0,"comment_status":"closed","ping_status":"closed","template":"","meta":{"_acf_changed":false,"footnotes":""},"class_list":["post-901","page","type-page","status-publish","hentry"],"acf":[],"yoast_head":"<!-- This site is optimized with the Yoast SEO plugin v25.7 - https:\/\/yoast.com\/wordpress\/plugins\/seo\/ -->\n<title>Spin Samurai Promo koodi | Hanki yksinoikeudella bonuksia ja ilmaiskierroksia<\/title>\n<meta name=\"description\" content=\"Opi k\u00e4ytt\u00e4m\u00e4\u00e4n Spin Samurai -promokoodeja saadaksesi eksklusiivisia bonuksia! Hy\u00f6dynn\u00e4 uudet talletukset ja ilmaiskierrokset koskevat tarjoukset. T\u00e4ydellinen katsaus saatavilla oleviin tarjouksiin!\" \/>\n<meta name=\"robots\" content=\"index, follow, max-snippet:-1, max-image-preview:large, max-video-preview:-1\" \/>\n<link rel=\"canonical\" href=\"https:\/\/spinsamurai.games\/fi\/promo-code\/\" \/>\n<meta property=\"og:locale\" content=\"fi_FI\" \/>\n<meta property=\"og:type\" content=\"article\" \/>\n<meta property=\"og:title\" content=\"Spin Samurai Promo koodi | Hanki yksinoikeudella bonuksia ja ilmaiskierroksia\" \/>\n<meta property=\"og:description\" content=\"Opi k\u00e4ytt\u00e4m\u00e4\u00e4n Spin Samurai -promokoodeja saadaksesi eksklusiivisia bonuksia! Hy\u00f6dynn\u00e4 uudet talletukset ja ilmaiskierrokset koskevat tarjoukset. T\u00e4ydellinen katsaus saatavilla oleviin tarjouksiin!\" \/>\n<meta property=\"og:url\" content=\"https:\/\/spinsamurai.games\/fi\/promo-code\/\" \/>\n<meta property=\"og:site_name\" content=\"Spin Samurai Games fi\" \/>\n<meta property=\"article:modified_time\" content=\"2025-09-27T18:20:55+00:00\" \/>\n<meta name=\"twitter:card\" content=\"summary_large_image\" \/>\n<script type=\"application\/ld+json\" class=\"yoast-schema-graph\">{\"@context\":\"https:\/\/schema.org\",\"@graph\":[{\"@type\":\"WebPage\",\"@id\":\"https:\/\/spinsamurai.games\/fi\/promo-code\/\",\"url\":\"https:\/\/spinsamurai.games\/fi\/promo-code\/\",\"name\":\"Spin Samurai Promo koodi | Hanki yksinoikeudella bonuksia ja ilmaiskierroksia\",\"isPartOf\":{\"@id\":\"https:\/\/spin-samurai.games\/fi\/#website\"},\"datePublished\":\"2025-08-21T19:52:25+00:00\",\"dateModified\":\"2025-09-27T18:20:55+00:00\",\"description\":\"Opi k\u00e4ytt\u00e4m\u00e4\u00e4n Spin Samurai -promokoodeja saadaksesi eksklusiivisia bonuksia! Hy\u00f6dynn\u00e4 uudet talletukset ja ilmaiskierrokset koskevat tarjoukset. T\u00e4ydellinen katsaus saatavilla oleviin tarjouksiin!\",\"breadcrumb\":{\"@id\":\"https:\/\/spinsamurai.games\/fi\/promo-code\/#breadcrumb\"},\"inLanguage\":\"fi\",\"potentialAction\":[{\"@type\":\"ReadAction\",\"target\":[\"https:\/\/spinsamurai.games\/fi\/promo-code\/\"]}]},{\"@type\":\"BreadcrumbList\",\"@id\":\"https:\/\/spinsamurai.games\/fi\/promo-code\/#breadcrumb\",\"itemListElement\":[{\"@type\":\"ListItem\",\"position\":1,\"name\":\"Etusivu\",\"item\":\"https:\/\/spinsamurai.games\/fi\/\"},{\"@type\":\"ListItem\",\"position\":2,\"name\":\"Tarjouskoodi\"}]},{\"@type\":\"WebSite\",\"@id\":\"https:\/\/spin-samurai.games\/fi\/#website\",\"url\":\"https:\/\/spin-samurai.games\/fi\/\",\"name\":\"Spin Samurai Games fi\",\"description\":\"\",\"potentialAction\":[{\"@type\":\"SearchAction\",\"target\":{\"@type\":\"EntryPoint\",\"urlTemplate\":\"https:\/\/spin-samurai.games\/fi\/?s={search_term_string}\"},\"query-input\":{\"@type\":\"PropertyValueSpecification\",\"valueRequired\":true,\"valueName\":\"search_term_string\"}}],\"inLanguage\":\"fi\"}]}<\/script>\n<!-- \/ Yoast SEO plugin. -->","yoast_head_json":{"title":"Spin Samurai Promo koodi | Hanki yksinoikeudella bonuksia ja ilmaiskierroksia","description":"Opi k\u00e4ytt\u00e4m\u00e4\u00e4n Spin Samurai -promokoodeja saadaksesi eksklusiivisia bonuksia! Hy\u00f6dynn\u00e4 uudet talletukset ja ilmaiskierrokset koskevat tarjoukset. T\u00e4ydellinen katsaus saatavilla oleviin tarjouksiin!","robots":{"index":"index","follow":"follow","max-snippet":"max-snippet:-1","max-image-preview":"max-image-preview:large","max-video-preview":"max-video-preview:-1"},"canonical":"https:\/\/spinsamurai.games\/fi\/promo-code\/","og_locale":"fi_FI","og_type":"article","og_title":"Spin Samurai Promo koodi | Hanki yksinoikeudella bonuksia ja ilmaiskierroksia","og_description":"Opi k\u00e4ytt\u00e4m\u00e4\u00e4n Spin Samurai -promokoodeja saadaksesi eksklusiivisia bonuksia! Hy\u00f6dynn\u00e4 uudet talletukset ja ilmaiskierrokset koskevat tarjoukset. T\u00e4ydellinen katsaus saatavilla oleviin tarjouksiin!","og_url":"https:\/\/spinsamurai.games\/fi\/promo-code\/","og_site_name":"Spin Samurai Games fi","article_modified_time":"2025-09-27T18:20:55+00:00","twitter_card":"summary_large_image","schema":{"@context":"https:\/\/schema.org","@graph":[{"@type":"WebPage","@id":"https:\/\/spinsamurai.games\/fi\/promo-code\/","url":"https:\/\/spinsamurai.games\/fi\/promo-code\/","name":"Spin Samurai Promo koodi | Hanki yksinoikeudella bonuksia ja ilmaiskierroksia","isPartOf":{"@id":"https:\/\/spin-samurai.games\/fi\/#website"},"datePublished":"2025-08-21T19:52:25+00:00","dateModified":"2025-09-27T18:20:55+00:00","description":"Opi k\u00e4ytt\u00e4m\u00e4\u00e4n Spin Samurai -promokoodeja saadaksesi eksklusiivisia bonuksia! Hy\u00f6dynn\u00e4 uudet talletukset ja ilmaiskierrokset koskevat tarjoukset. T\u00e4ydellinen katsaus saatavilla oleviin tarjouksiin!","breadcrumb":{"@id":"https:\/\/spinsamurai.games\/fi\/promo-code\/#breadcrumb"},"inLanguage":"fi","potentialAction":[{"@type":"ReadAction","target":["https:\/\/spinsamurai.games\/fi\/promo-code\/"]}]},{"@type":"BreadcrumbList","@id":"https:\/\/spinsamurai.games\/fi\/promo-code\/#breadcrumb","itemListElement":[{"@type":"ListItem","position":1,"name":"Etusivu","item":"https:\/\/spinsamurai.games\/fi\/"},{"@type":"ListItem","position":2,"name":"Tarjouskoodi"}]},{"@type":"WebSite","@id":"https:\/\/spin-samurai.games\/fi\/#website","url":"https:\/\/spin-samurai.games\/fi\/","name":"Spin Samurai Games fi","description":"","potentialAction":[{"@type":"SearchAction","target":{"@type":"EntryPoint","urlTemplate":"https:\/\/spin-samurai.games\/fi\/?s={search_term_string}"},"query-input":{"@type":"PropertyValueSpecification","valueRequired":true,"valueName":"search_term_string"}}],"inLanguage":"fi"}]}},"_links":{"self":[{"href":"https:\/\/spin-samurai.games\/fi\/wp-json\/wp\/v2\/pages\/901","targetHints":{"allow":["GET"]}}],"collection":[{"href":"https:\/\/spin-samurai.games\/fi\/wp-json\/wp\/v2\/pages"}],"about":[{"href":"https:\/\/spin-samurai.games\/fi\/wp-json\/wp\/v2\/types\/page"}],"author":[{"embeddable":true,"href":"https:\/\/spin-samurai.games\/fi\/wp-json\/wp\/v2\/users\/1"}],"replies":[{"embeddable":true,"href":"https:\/\/spin-samurai.games\/fi\/wp-json\/wp\/v2\/comments?post=901"}],"version-history":[{"count":14,"href":"https:\/\/spin-samurai.games\/fi\/wp-json\/wp\/v2\/pages\/901\/revisions"}],"predecessor-version":[{"id":1144,"href":"https:\/\/spin-samurai.games\/fi\/wp-json\/wp\/v2\/pages\/901\/revisions\/1144"}],"wp:attachment":[{"href":"https:\/\/spin-samurai.games\/fi\/wp-json\/wp\/v2\/media?parent=901"}],"curies":[{"name":"wp","href":"https:\/\/api.w.org\/{rel}","templated":true}]}}