{"id":1006,"date":"2025-08-26T15:58:20","date_gmt":"2025-08-26T12:58:20","guid":{"rendered":"https:\/\/spin-samurai.games\/fi\/?page_id=1006"},"modified":"2025-09-28T11:14:32","modified_gmt":"2025-09-28T08:14:32","slug":"deposit","status":"publish","type":"page","link":"https:\/\/spin-samurai.games\/fi\/deposit\/","title":{"rendered":"Talletus"},"content":{"rendered":"","protected":false},"excerpt":{"rendered":"","protected":false},"author":1,"featured_media":0,"parent":0,"menu_order":0,"comment_status":"closed","ping_status":"closed","template":"","meta":{"_acf_changed":false,"footnotes":""},"class_list":["post-1006","page","type-page","status-publish","hentry"],"acf":[],"yoast_head":"<!-- This site is optimized with the Yoast SEO plugin v25.7 - https:\/\/yoast.com\/wordpress\/plugins\/seo\/ -->\n<title>Spin Samurai Talletus | Opas tilisi rahoittamiseen<\/title>\n<meta name=\"description\" content=\"Ota selv\u00e4\u00e4, kuinka helppoa ja nopeaa on lis\u00e4t\u00e4 rahaa tilillesi Spin Samuraissa! Yksityiskohtainen opas talletusmenetelmist\u00e4, v\u00e4himm\u00e4issummista ja bonuksista uusille pelaajille. Aloita voittaminen heti!\" \/>\n<meta name=\"robots\" content=\"index, follow, max-snippet:-1, max-image-preview:large, max-video-preview:-1\" \/>\n<link rel=\"canonical\" href=\"https:\/\/spinsamurai.games\/fi\/deposit\/\" \/>\n<meta property=\"og:locale\" content=\"fi_FI\" \/>\n<meta property=\"og:type\" content=\"article\" \/>\n<meta property=\"og:title\" content=\"Spin Samurai Talletus | Opas tilisi rahoittamiseen\" \/>\n<meta property=\"og:description\" content=\"Ota selv\u00e4\u00e4, kuinka helppoa ja nopeaa on lis\u00e4t\u00e4 rahaa tilillesi Spin Samuraissa! Yksityiskohtainen opas talletusmenetelmist\u00e4, v\u00e4himm\u00e4issummista ja bonuksista uusille pelaajille. Aloita voittaminen heti!\" \/>\n<meta property=\"og:url\" content=\"https:\/\/spinsamurai.games\/fi\/deposit\/\" \/>\n<meta property=\"og:site_name\" content=\"Spin Samurai Games fi\" \/>\n<meta property=\"article:modified_time\" content=\"2025-09-28T08:14:32+00:00\" \/>\n<meta name=\"twitter:card\" content=\"summary_large_image\" \/>\n<script type=\"application\/ld+json\" class=\"yoast-schema-graph\">{\"@context\":\"https:\/\/schema.org\",\"@graph\":[{\"@type\":\"WebPage\",\"@id\":\"https:\/\/spinsamurai.games\/fi\/deposit\/\",\"url\":\"https:\/\/spinsamurai.games\/fi\/deposit\/\",\"name\":\"Spin Samurai Talletus | Opas tilisi rahoittamiseen\",\"isPartOf\":{\"@id\":\"https:\/\/spin-samurai.games\/fi\/#website\"},\"datePublished\":\"2025-08-26T12:58:20+00:00\",\"dateModified\":\"2025-09-28T08:14:32+00:00\",\"description\":\"Ota selv\u00e4\u00e4, kuinka helppoa ja nopeaa on lis\u00e4t\u00e4 rahaa tilillesi Spin Samuraissa! Yksityiskohtainen opas talletusmenetelmist\u00e4, v\u00e4himm\u00e4issummista ja bonuksista uusille pelaajille. Aloita voittaminen heti!\",\"breadcrumb\":{\"@id\":\"https:\/\/spinsamurai.games\/fi\/deposit\/#breadcrumb\"},\"inLanguage\":\"fi\",\"potentialAction\":[{\"@type\":\"ReadAction\",\"target\":[\"https:\/\/spinsamurai.games\/fi\/deposit\/\"]}]},{\"@type\":\"BreadcrumbList\",\"@id\":\"https:\/\/spinsamurai.games\/fi\/deposit\/#breadcrumb\",\"itemListElement\":[{\"@type\":\"ListItem\",\"position\":1,\"name\":\"Etusivu\",\"item\":\"https:\/\/spinsamurai.games\/fi\/\"},{\"@type\":\"ListItem\",\"position\":2,\"name\":\"Talletus\"}]},{\"@type\":\"WebSite\",\"@id\":\"https:\/\/spin-samurai.games\/fi\/#website\",\"url\":\"https:\/\/spin-samurai.games\/fi\/\",\"name\":\"Spin Samurai Games fi\",\"description\":\"\",\"potentialAction\":[{\"@type\":\"SearchAction\",\"target\":{\"@type\":\"EntryPoint\",\"urlTemplate\":\"https:\/\/spin-samurai.games\/fi\/?s={search_term_string}\"},\"query-input\":{\"@type\":\"PropertyValueSpecification\",\"valueRequired\":true,\"valueName\":\"search_term_string\"}}],\"inLanguage\":\"fi\"}]}<\/script>\n<!-- \/ Yoast SEO plugin. -->","yoast_head_json":{"title":"Spin Samurai Talletus | Opas tilisi rahoittamiseen","description":"Ota selv\u00e4\u00e4, kuinka helppoa ja nopeaa on lis\u00e4t\u00e4 rahaa tilillesi Spin Samuraissa! Yksityiskohtainen opas talletusmenetelmist\u00e4, v\u00e4himm\u00e4issummista ja bonuksista uusille pelaajille. Aloita voittaminen heti!","robots":{"index":"index","follow":"follow","max-snippet":"max-snippet:-1","max-image-preview":"max-image-preview:large","max-video-preview":"max-video-preview:-1"},"canonical":"https:\/\/spinsamurai.games\/fi\/deposit\/","og_locale":"fi_FI","og_type":"article","og_title":"Spin Samurai Talletus | Opas tilisi rahoittamiseen","og_description":"Ota selv\u00e4\u00e4, kuinka helppoa ja nopeaa on lis\u00e4t\u00e4 rahaa tilillesi Spin Samuraissa! Yksityiskohtainen opas talletusmenetelmist\u00e4, v\u00e4himm\u00e4issummista ja bonuksista uusille pelaajille. Aloita voittaminen heti!","og_url":"https:\/\/spinsamurai.games\/fi\/deposit\/","og_site_name":"Spin Samurai Games fi","article_modified_time":"2025-09-28T08:14:32+00:00","twitter_card":"summary_large_image","schema":{"@context":"https:\/\/schema.org","@graph":[{"@type":"WebPage","@id":"https:\/\/spinsamurai.games\/fi\/deposit\/","url":"https:\/\/spinsamurai.games\/fi\/deposit\/","name":"Spin Samurai Talletus | Opas tilisi rahoittamiseen","isPartOf":{"@id":"https:\/\/spin-samurai.games\/fi\/#website"},"datePublished":"2025-08-26T12:58:20+00:00","dateModified":"2025-09-28T08:14:32+00:00","description":"Ota selv\u00e4\u00e4, kuinka helppoa ja nopeaa on lis\u00e4t\u00e4 rahaa tilillesi Spin Samuraissa! Yksityiskohtainen opas talletusmenetelmist\u00e4, v\u00e4himm\u00e4issummista ja bonuksista uusille pelaajille. Aloita voittaminen heti!","breadcrumb":{"@id":"https:\/\/spinsamurai.games\/fi\/deposit\/#breadcrumb"},"inLanguage":"fi","potentialAction":[{"@type":"ReadAction","target":["https:\/\/spinsamurai.games\/fi\/deposit\/"]}]},{"@type":"BreadcrumbList","@id":"https:\/\/spinsamurai.games\/fi\/deposit\/#breadcrumb","itemListElement":[{"@type":"ListItem","position":1,"name":"Etusivu","item":"https:\/\/spinsamurai.games\/fi\/"},{"@type":"ListItem","position":2,"name":"Talletus"}]},{"@type":"WebSite","@id":"https:\/\/spin-samurai.games\/fi\/#website","url":"https:\/\/spin-samurai.games\/fi\/","name":"Spin Samurai Games fi","description":"","potentialAction":[{"@type":"SearchAction","target":{"@type":"EntryPoint","urlTemplate":"https:\/\/spin-samurai.games\/fi\/?s={search_term_string}"},"query-input":{"@type":"PropertyValueSpecification","valueRequired":true,"valueName":"search_term_string"}}],"inLanguage":"fi"}]}},"_links":{"self":[{"href":"https:\/\/spin-samurai.games\/fi\/wp-json\/wp\/v2\/pages\/1006","targetHints":{"allow":["GET"]}}],"collection":[{"href":"https:\/\/spin-samurai.games\/fi\/wp-json\/wp\/v2\/pages"}],"about":[{"href":"https:\/\/spin-samurai.games\/fi\/wp-json\/wp\/v2\/types\/page"}],"author":[{"embeddable":true,"href":"https:\/\/spin-samurai.games\/fi\/wp-json\/wp\/v2\/users\/1"}],"replies":[{"embeddable":true,"href":"https:\/\/spin-samurai.games\/fi\/wp-json\/wp\/v2\/comments?post=1006"}],"version-history":[{"count":8,"href":"https:\/\/spin-samurai.games\/fi\/wp-json\/wp\/v2\/pages\/1006\/revisions"}],"predecessor-version":[{"id":1122,"href":"https:\/\/spin-samurai.games\/fi\/wp-json\/wp\/v2\/pages\/1006\/revisions\/1122"}],"wp:attachment":[{"href":"https:\/\/spin-samurai.games\/fi\/wp-json\/wp\/v2\/media?parent=1006"}],"curies":[{"name":"wp","href":"https:\/\/api.w.org\/{rel}","templated":true}]}}