{"id":978,"date":"2025-08-26T08:45:58","date_gmt":"2025-08-26T05:45:58","guid":{"rendered":"https:\/\/spin-samurai.games\/es\/?page_id=978"},"modified":"2025-08-29T15:34:28","modified_gmt":"2025-08-29T12:34:28","slug":"registration","status":"publish","type":"page","link":"https:\/\/spin-samurai.games\/es\/registration\/","title":{"rendered":"Registrazione"},"content":{"rendered":"","protected":false},"excerpt":{"rendered":"","protected":false},"author":1,"featured_media":0,"parent":0,"menu_order":0,"comment_status":"closed","ping_status":"closed","template":"","meta":{"_acf_changed":false,"footnotes":""},"class_list":["post-978","page","type-page","status-publish","hentry"],"acf":[],"yoast_head":"<!-- This site is optimized with the Yoast SEO plugin v25.7 - https:\/\/yoast.com\/wordpress\/plugins\/seo\/ -->\n<title>Registro en Spin Samurai | Gu\u00eda para crear una cuenta<\/title>\n<meta name=\"description\" content=\"\u00a1Descubre c\u00f3mo registrarte r\u00e1pida y f\u00e1cilmente en Spin Samurai Casino! Gu\u00eda paso a paso para crear una cuenta y recibir un bono de bienvenida.\" \/>\n<meta name=\"robots\" content=\"index, follow, max-snippet:-1, max-image-preview:large, max-video-preview:-1\" \/>\n<link rel=\"canonical\" href=\"http:\/\/spin-samurai.games\/es\/registration\/\" \/>\n<meta property=\"og:locale\" content=\"es_ES\" \/>\n<meta property=\"og:type\" content=\"article\" \/>\n<meta property=\"og:title\" content=\"Registro en Spin Samurai | Gu\u00eda para crear una cuenta\" \/>\n<meta property=\"og:description\" content=\"\u00a1Descubre c\u00f3mo registrarte r\u00e1pida y f\u00e1cilmente en Spin Samurai Casino! Gu\u00eda paso a paso para crear una cuenta y recibir un bono de bienvenida.\" \/>\n<meta property=\"og:url\" content=\"http:\/\/spin-samurai.games\/es\/registration\/\" \/>\n<meta property=\"og:site_name\" content=\"Spin Samurai Games es\" \/>\n<meta property=\"article:modified_time\" content=\"2025-08-29T12:34:28+00:00\" \/>\n<meta name=\"twitter:card\" content=\"summary_large_image\" \/>\n<script type=\"application\/ld+json\" class=\"yoast-schema-graph\">{\"@context\":\"https:\/\/schema.org\",\"@graph\":[{\"@type\":\"WebPage\",\"@id\":\"http:\/\/spin-samurai.games\/es\/registration\/\",\"url\":\"http:\/\/spin-samurai.games\/es\/registration\/\",\"name\":\"Registro en Spin Samurai | Gu\u00eda para crear una cuenta\",\"isPartOf\":{\"@id\":\"http:\/\/spin-samurai.games\/es\/#website\"},\"datePublished\":\"2025-08-26T05:45:58+00:00\",\"dateModified\":\"2025-08-29T12:34:28+00:00\",\"description\":\"\u00a1Descubre c\u00f3mo registrarte r\u00e1pida y f\u00e1cilmente en Spin Samurai Casino! Gu\u00eda paso a paso para crear una cuenta y recibir un bono de bienvenida.\",\"breadcrumb\":{\"@id\":\"http:\/\/spin-samurai.games\/es\/registration\/#breadcrumb\"},\"inLanguage\":\"es\",\"potentialAction\":[{\"@type\":\"ReadAction\",\"target\":[\"http:\/\/spin-samurai.games\/es\/registration\/\"]}]},{\"@type\":\"BreadcrumbList\",\"@id\":\"http:\/\/spin-samurai.games\/es\/registration\/#breadcrumb\",\"itemListElement\":[{\"@type\":\"ListItem\",\"position\":1,\"name\":\"Portada\",\"item\":\"http:\/\/spin-samurai.games\/es\/\"},{\"@type\":\"ListItem\",\"position\":2,\"name\":\"Registrazione\"}]},{\"@type\":\"WebSite\",\"@id\":\"http:\/\/spin-samurai.games\/es\/#website\",\"url\":\"http:\/\/spin-samurai.games\/es\/\",\"name\":\"Spin Samurai Games es\",\"description\":\"\",\"potentialAction\":[{\"@type\":\"SearchAction\",\"target\":{\"@type\":\"EntryPoint\",\"urlTemplate\":\"http:\/\/spin-samurai.games\/es\/?s={search_term_string}\"},\"query-input\":{\"@type\":\"PropertyValueSpecification\",\"valueRequired\":true,\"valueName\":\"search_term_string\"}}],\"inLanguage\":\"es\"}]}<\/script>\n<!-- \/ Yoast SEO plugin. -->","yoast_head_json":{"title":"Registro en Spin Samurai | Gu\u00eda para crear una cuenta","description":"\u00a1Descubre c\u00f3mo registrarte r\u00e1pida y f\u00e1cilmente en Spin Samurai Casino! Gu\u00eda paso a paso para crear una cuenta y recibir un bono de bienvenida.","robots":{"index":"index","follow":"follow","max-snippet":"max-snippet:-1","max-image-preview":"max-image-preview:large","max-video-preview":"max-video-preview:-1"},"canonical":"http:\/\/spin-samurai.games\/es\/registration\/","og_locale":"es_ES","og_type":"article","og_title":"Registro en Spin Samurai | Gu\u00eda para crear una cuenta","og_description":"\u00a1Descubre c\u00f3mo registrarte r\u00e1pida y f\u00e1cilmente en Spin Samurai Casino! Gu\u00eda paso a paso para crear una cuenta y recibir un bono de bienvenida.","og_url":"http:\/\/spin-samurai.games\/es\/registration\/","og_site_name":"Spin Samurai Games es","article_modified_time":"2025-08-29T12:34:28+00:00","twitter_card":"summary_large_image","schema":{"@context":"https:\/\/schema.org","@graph":[{"@type":"WebPage","@id":"http:\/\/spin-samurai.games\/es\/registration\/","url":"http:\/\/spin-samurai.games\/es\/registration\/","name":"Registro en Spin Samurai | Gu\u00eda para crear una cuenta","isPartOf":{"@id":"http:\/\/spin-samurai.games\/es\/#website"},"datePublished":"2025-08-26T05:45:58+00:00","dateModified":"2025-08-29T12:34:28+00:00","description":"\u00a1Descubre c\u00f3mo registrarte r\u00e1pida y f\u00e1cilmente en Spin Samurai Casino! Gu\u00eda paso a paso para crear una cuenta y recibir un bono de bienvenida.","breadcrumb":{"@id":"http:\/\/spin-samurai.games\/es\/registration\/#breadcrumb"},"inLanguage":"es","potentialAction":[{"@type":"ReadAction","target":["http:\/\/spin-samurai.games\/es\/registration\/"]}]},{"@type":"BreadcrumbList","@id":"http:\/\/spin-samurai.games\/es\/registration\/#breadcrumb","itemListElement":[{"@type":"ListItem","position":1,"name":"Portada","item":"http:\/\/spin-samurai.games\/es\/"},{"@type":"ListItem","position":2,"name":"Registrazione"}]},{"@type":"WebSite","@id":"http:\/\/spin-samurai.games\/es\/#website","url":"http:\/\/spin-samurai.games\/es\/","name":"Spin Samurai Games es","description":"","potentialAction":[{"@type":"SearchAction","target":{"@type":"EntryPoint","urlTemplate":"http:\/\/spin-samurai.games\/es\/?s={search_term_string}"},"query-input":{"@type":"PropertyValueSpecification","valueRequired":true,"valueName":"search_term_string"}}],"inLanguage":"es"}]}},"_links":{"self":[{"href":"https:\/\/spin-samurai.games\/es\/wp-json\/wp\/v2\/pages\/978","targetHints":{"allow":["GET"]}}],"collection":[{"href":"https:\/\/spin-samurai.games\/es\/wp-json\/wp\/v2\/pages"}],"about":[{"href":"https:\/\/spin-samurai.games\/es\/wp-json\/wp\/v2\/types\/page"}],"author":[{"embeddable":true,"href":"https:\/\/spin-samurai.games\/es\/wp-json\/wp\/v2\/users\/1"}],"replies":[{"embeddable":true,"href":"https:\/\/spin-samurai.games\/es\/wp-json\/wp\/v2\/comments?post=978"}],"version-history":[{"count":9,"href":"https:\/\/spin-samurai.games\/es\/wp-json\/wp\/v2\/pages\/978\/revisions"}],"predecessor-version":[{"id":1129,"href":"https:\/\/spin-samurai.games\/es\/wp-json\/wp\/v2\/pages\/978\/revisions\/1129"}],"wp:attachment":[{"href":"https:\/\/spin-samurai.games\/es\/wp-json\/wp\/v2\/media?parent=978"}],"curies":[{"name":"wp","href":"https:\/\/api.w.org\/{rel}","templated":true}]}}