{"id":955,"date":"2025-07-25T18:51:25","date_gmt":"2025-07-25T15:51:25","guid":{"rendered":"https:\/\/spin-samurai.games\/es\/?page_id=955"},"modified":"2025-09-27T10:29:21","modified_gmt":"2025-09-27T07:29:21","slug":"login","status":"publish","type":"page","link":"https:\/\/spin-samurai.games\/es\/login\/","title":{"rendered":"Accedi"},"content":{"rendered":"","protected":false},"excerpt":{"rendered":"","protected":false},"author":1,"featured_media":0,"parent":0,"menu_order":0,"comment_status":"closed","ping_status":"closed","template":"","meta":{"_acf_changed":false,"footnotes":""},"class_list":["post-955","page","type-page","status-publish","hentry"],"acf":[],"yoast_head":"<!-- This site is optimized with the Yoast SEO plugin v25.7 - https:\/\/yoast.com\/wordpress\/plugins\/seo\/ -->\n<title>Inicio de sesi\u00f3n en Spin Samurai: acceda a emocionantes juegos y bonificaciones<\/title>\n<meta name=\"description\" content=\"Descubre c\u00f3mo iniciar sesi\u00f3n en tu cuenta de Spin Samurai de forma f\u00e1cil y segura. Accede a los mejores juegos, bonificaciones emocionantes y disfruta de una experiencia de juego perfecta.\" \/>\n<meta name=\"robots\" content=\"index, follow, max-snippet:-1, max-image-preview:large, max-video-preview:-1\" \/>\n<link rel=\"canonical\" href=\"http:\/\/spin-samurai.games\/es\/login\/\" \/>\n<meta property=\"og:locale\" content=\"es_ES\" \/>\n<meta property=\"og:type\" content=\"article\" \/>\n<meta property=\"og:title\" content=\"Inicio de sesi\u00f3n en Spin Samurai: acceda a emocionantes juegos y bonificaciones\" \/>\n<meta property=\"og:description\" content=\"Descubre c\u00f3mo iniciar sesi\u00f3n en tu cuenta de Spin Samurai de forma f\u00e1cil y segura. Accede a los mejores juegos, bonificaciones emocionantes y disfruta de una experiencia de juego perfecta.\" \/>\n<meta property=\"og:url\" content=\"http:\/\/spin-samurai.games\/es\/login\/\" \/>\n<meta property=\"og:site_name\" content=\"Spin Samurai Games es\" \/>\n<meta property=\"article:modified_time\" content=\"2025-09-27T07:29:21+00:00\" \/>\n<meta name=\"twitter:card\" content=\"summary_large_image\" \/>\n<script type=\"application\/ld+json\" class=\"yoast-schema-graph\">{\"@context\":\"https:\/\/schema.org\",\"@graph\":[{\"@type\":\"WebPage\",\"@id\":\"http:\/\/spin-samurai.games\/es\/login\/\",\"url\":\"http:\/\/spin-samurai.games\/es\/login\/\",\"name\":\"Inicio de sesi\u00f3n en Spin Samurai: acceda a emocionantes juegos y bonificaciones\",\"isPartOf\":{\"@id\":\"http:\/\/spin-samurai.games\/es\/#website\"},\"datePublished\":\"2025-07-25T15:51:25+00:00\",\"dateModified\":\"2025-09-27T07:29:21+00:00\",\"description\":\"Descubre c\u00f3mo iniciar sesi\u00f3n en tu cuenta de Spin Samurai de forma f\u00e1cil y segura. Accede a los mejores juegos, bonificaciones emocionantes y disfruta de una experiencia de juego perfecta.\",\"breadcrumb\":{\"@id\":\"http:\/\/spin-samurai.games\/es\/login\/#breadcrumb\"},\"inLanguage\":\"es\",\"potentialAction\":[{\"@type\":\"ReadAction\",\"target\":[\"http:\/\/spin-samurai.games\/es\/login\/\"]}]},{\"@type\":\"BreadcrumbList\",\"@id\":\"http:\/\/spin-samurai.games\/es\/login\/#breadcrumb\",\"itemListElement\":[{\"@type\":\"ListItem\",\"position\":1,\"name\":\"Portada\",\"item\":\"http:\/\/spin-samurai.games\/es\/\"},{\"@type\":\"ListItem\",\"position\":2,\"name\":\"Accedi\"}]},{\"@type\":\"WebSite\",\"@id\":\"http:\/\/spin-samurai.games\/es\/#website\",\"url\":\"http:\/\/spin-samurai.games\/es\/\",\"name\":\"Spin Samurai Games es\",\"description\":\"\",\"potentialAction\":[{\"@type\":\"SearchAction\",\"target\":{\"@type\":\"EntryPoint\",\"urlTemplate\":\"http:\/\/spin-samurai.games\/es\/?s={search_term_string}\"},\"query-input\":{\"@type\":\"PropertyValueSpecification\",\"valueRequired\":true,\"valueName\":\"search_term_string\"}}],\"inLanguage\":\"es\"}]}<\/script>\n<!-- \/ Yoast SEO plugin. -->","yoast_head_json":{"title":"Inicio de sesi\u00f3n en Spin Samurai: acceda a emocionantes juegos y bonificaciones","description":"Descubre c\u00f3mo iniciar sesi\u00f3n en tu cuenta de Spin Samurai de forma f\u00e1cil y segura. Accede a los mejores juegos, bonificaciones emocionantes y disfruta de una experiencia de juego perfecta.","robots":{"index":"index","follow":"follow","max-snippet":"max-snippet:-1","max-image-preview":"max-image-preview:large","max-video-preview":"max-video-preview:-1"},"canonical":"http:\/\/spin-samurai.games\/es\/login\/","og_locale":"es_ES","og_type":"article","og_title":"Inicio de sesi\u00f3n en Spin Samurai: acceda a emocionantes juegos y bonificaciones","og_description":"Descubre c\u00f3mo iniciar sesi\u00f3n en tu cuenta de Spin Samurai de forma f\u00e1cil y segura. Accede a los mejores juegos, bonificaciones emocionantes y disfruta de una experiencia de juego perfecta.","og_url":"http:\/\/spin-samurai.games\/es\/login\/","og_site_name":"Spin Samurai Games es","article_modified_time":"2025-09-27T07:29:21+00:00","twitter_card":"summary_large_image","schema":{"@context":"https:\/\/schema.org","@graph":[{"@type":"WebPage","@id":"http:\/\/spin-samurai.games\/es\/login\/","url":"http:\/\/spin-samurai.games\/es\/login\/","name":"Inicio de sesi\u00f3n en Spin Samurai: acceda a emocionantes juegos y bonificaciones","isPartOf":{"@id":"http:\/\/spin-samurai.games\/es\/#website"},"datePublished":"2025-07-25T15:51:25+00:00","dateModified":"2025-09-27T07:29:21+00:00","description":"Descubre c\u00f3mo iniciar sesi\u00f3n en tu cuenta de Spin Samurai de forma f\u00e1cil y segura. Accede a los mejores juegos, bonificaciones emocionantes y disfruta de una experiencia de juego perfecta.","breadcrumb":{"@id":"http:\/\/spin-samurai.games\/es\/login\/#breadcrumb"},"inLanguage":"es","potentialAction":[{"@type":"ReadAction","target":["http:\/\/spin-samurai.games\/es\/login\/"]}]},{"@type":"BreadcrumbList","@id":"http:\/\/spin-samurai.games\/es\/login\/#breadcrumb","itemListElement":[{"@type":"ListItem","position":1,"name":"Portada","item":"http:\/\/spin-samurai.games\/es\/"},{"@type":"ListItem","position":2,"name":"Accedi"}]},{"@type":"WebSite","@id":"http:\/\/spin-samurai.games\/es\/#website","url":"http:\/\/spin-samurai.games\/es\/","name":"Spin Samurai Games es","description":"","potentialAction":[{"@type":"SearchAction","target":{"@type":"EntryPoint","urlTemplate":"http:\/\/spin-samurai.games\/es\/?s={search_term_string}"},"query-input":{"@type":"PropertyValueSpecification","valueRequired":true,"valueName":"search_term_string"}}],"inLanguage":"es"}]}},"_links":{"self":[{"href":"https:\/\/spin-samurai.games\/es\/wp-json\/wp\/v2\/pages\/955","targetHints":{"allow":["GET"]}}],"collection":[{"href":"https:\/\/spin-samurai.games\/es\/wp-json\/wp\/v2\/pages"}],"about":[{"href":"https:\/\/spin-samurai.games\/es\/wp-json\/wp\/v2\/types\/page"}],"author":[{"embeddable":true,"href":"https:\/\/spin-samurai.games\/es\/wp-json\/wp\/v2\/users\/1"}],"replies":[{"embeddable":true,"href":"https:\/\/spin-samurai.games\/es\/wp-json\/wp\/v2\/comments?post=955"}],"version-history":[{"count":13,"href":"https:\/\/spin-samurai.games\/es\/wp-json\/wp\/v2\/pages\/955\/revisions"}],"predecessor-version":[{"id":1135,"href":"https:\/\/spin-samurai.games\/es\/wp-json\/wp\/v2\/pages\/955\/revisions\/1135"}],"wp:attachment":[{"href":"https:\/\/spin-samurai.games\/es\/wp-json\/wp\/v2\/media?parent=955"}],"curies":[{"name":"wp","href":"https:\/\/api.w.org\/{rel}","templated":true}]}}