{"id":799,"date":"2025-08-20T08:58:59","date_gmt":"2025-08-20T05:58:59","guid":{"rendered":"https:\/\/spin-samurai.games\/es\/?page_id=799"},"modified":"2025-08-29T12:40:51","modified_gmt":"2025-08-29T09:40:51","slug":"app","status":"publish","type":"page","link":"https:\/\/spin-samurai.games\/es\/app\/","title":{"rendered":"Aplicaci\u00f3n"},"content":{"rendered":"","protected":false},"excerpt":{"rendered":"","protected":false},"author":1,"featured_media":0,"parent":0,"menu_order":0,"comment_status":"closed","ping_status":"closed","template":"","meta":{"_acf_changed":false,"footnotes":""},"class_list":["post-799","page","type-page","status-publish","hentry"],"acf":[],"yoast_head":"<!-- This site is optimized with the Yoast SEO plugin v25.7 - https:\/\/yoast.com\/wordpress\/plugins\/seo\/ -->\n<title>Aplicaci\u00f3n Spin Samurai | Descargar la aplicaci\u00f3n del casino m\u00f3vil<\/title>\n<meta name=\"description\" content=\"Aplicaci\u00f3n m\u00f3vil Spin Samurai Casino con m\u00e1s de 3000 juegos. Disfruta de una experiencia de juego segura en iOS y Android con una interfaz sencilla, generosos bonos y asistencia 24\/7. \u00a1Descarga la aplicaci\u00f3n y empieza a ganar hoy mismo!\" \/>\n<meta name=\"robots\" content=\"index, follow, max-snippet:-1, max-image-preview:large, max-video-preview:-1\" \/>\n<link rel=\"canonical\" href=\"http:\/\/spin-samurai.games\/es\/app\/\" \/>\n<meta property=\"og:locale\" content=\"es_ES\" \/>\n<meta property=\"og:type\" content=\"article\" \/>\n<meta property=\"og:title\" content=\"Aplicaci\u00f3n Spin Samurai | Descargar la aplicaci\u00f3n del casino m\u00f3vil\" \/>\n<meta property=\"og:description\" content=\"Aplicaci\u00f3n m\u00f3vil Spin Samurai Casino con m\u00e1s de 3000 juegos. Disfruta de una experiencia de juego segura en iOS y Android con una interfaz sencilla, generosos bonos y asistencia 24\/7. \u00a1Descarga la aplicaci\u00f3n y empieza a ganar hoy mismo!\" \/>\n<meta property=\"og:url\" content=\"http:\/\/spin-samurai.games\/es\/app\/\" \/>\n<meta property=\"og:site_name\" content=\"Spin Samurai Games es\" \/>\n<meta property=\"article:modified_time\" content=\"2025-08-29T09:40:51+00:00\" \/>\n<meta name=\"twitter:card\" content=\"summary_large_image\" \/>\n<script type=\"application\/ld+json\" class=\"yoast-schema-graph\">{\"@context\":\"https:\/\/schema.org\",\"@graph\":[{\"@type\":\"WebPage\",\"@id\":\"http:\/\/spin-samurai.games\/es\/app\/\",\"url\":\"http:\/\/spin-samurai.games\/es\/app\/\",\"name\":\"Aplicaci\u00f3n Spin Samurai | Descargar la aplicaci\u00f3n del casino m\u00f3vil\",\"isPartOf\":{\"@id\":\"http:\/\/spin-samurai.games\/es\/#website\"},\"datePublished\":\"2025-08-20T05:58:59+00:00\",\"dateModified\":\"2025-08-29T09:40:51+00:00\",\"description\":\"Aplicaci\u00f3n m\u00f3vil Spin Samurai Casino con m\u00e1s de 3000 juegos. Disfruta de una experiencia de juego segura en iOS y Android con una interfaz sencilla, generosos bonos y asistencia 24\/7. \u00a1Descarga la aplicaci\u00f3n y empieza a ganar hoy mismo!\",\"breadcrumb\":{\"@id\":\"http:\/\/spin-samurai.games\/es\/app\/#breadcrumb\"},\"inLanguage\":\"es\",\"potentialAction\":[{\"@type\":\"ReadAction\",\"target\":[\"http:\/\/spin-samurai.games\/es\/app\/\"]}]},{\"@type\":\"BreadcrumbList\",\"@id\":\"http:\/\/spin-samurai.games\/es\/app\/#breadcrumb\",\"itemListElement\":[{\"@type\":\"ListItem\",\"position\":1,\"name\":\"Portada\",\"item\":\"http:\/\/spin-samurai.games\/es\/\"},{\"@type\":\"ListItem\",\"position\":2,\"name\":\"Aplicaci\u00f3n\"}]},{\"@type\":\"WebSite\",\"@id\":\"http:\/\/spin-samurai.games\/es\/#website\",\"url\":\"http:\/\/spin-samurai.games\/es\/\",\"name\":\"Spin Samurai Games es\",\"description\":\"\",\"potentialAction\":[{\"@type\":\"SearchAction\",\"target\":{\"@type\":\"EntryPoint\",\"urlTemplate\":\"http:\/\/spin-samurai.games\/es\/?s={search_term_string}\"},\"query-input\":{\"@type\":\"PropertyValueSpecification\",\"valueRequired\":true,\"valueName\":\"search_term_string\"}}],\"inLanguage\":\"es\"}]}<\/script>\n<!-- \/ Yoast SEO plugin. -->","yoast_head_json":{"title":"Aplicaci\u00f3n Spin Samurai | Descargar la aplicaci\u00f3n del casino m\u00f3vil","description":"Aplicaci\u00f3n m\u00f3vil Spin Samurai Casino con m\u00e1s de 3000 juegos. Disfruta de una experiencia de juego segura en iOS y Android con una interfaz sencilla, generosos bonos y asistencia 24\/7. \u00a1Descarga la aplicaci\u00f3n y empieza a ganar hoy mismo!","robots":{"index":"index","follow":"follow","max-snippet":"max-snippet:-1","max-image-preview":"max-image-preview:large","max-video-preview":"max-video-preview:-1"},"canonical":"http:\/\/spin-samurai.games\/es\/app\/","og_locale":"es_ES","og_type":"article","og_title":"Aplicaci\u00f3n Spin Samurai | Descargar la aplicaci\u00f3n del casino m\u00f3vil","og_description":"Aplicaci\u00f3n m\u00f3vil Spin Samurai Casino con m\u00e1s de 3000 juegos. Disfruta de una experiencia de juego segura en iOS y Android con una interfaz sencilla, generosos bonos y asistencia 24\/7. \u00a1Descarga la aplicaci\u00f3n y empieza a ganar hoy mismo!","og_url":"http:\/\/spin-samurai.games\/es\/app\/","og_site_name":"Spin Samurai Games es","article_modified_time":"2025-08-29T09:40:51+00:00","twitter_card":"summary_large_image","schema":{"@context":"https:\/\/schema.org","@graph":[{"@type":"WebPage","@id":"http:\/\/spin-samurai.games\/es\/app\/","url":"http:\/\/spin-samurai.games\/es\/app\/","name":"Aplicaci\u00f3n Spin Samurai | Descargar la aplicaci\u00f3n del casino m\u00f3vil","isPartOf":{"@id":"http:\/\/spin-samurai.games\/es\/#website"},"datePublished":"2025-08-20T05:58:59+00:00","dateModified":"2025-08-29T09:40:51+00:00","description":"Aplicaci\u00f3n m\u00f3vil Spin Samurai Casino con m\u00e1s de 3000 juegos. Disfruta de una experiencia de juego segura en iOS y Android con una interfaz sencilla, generosos bonos y asistencia 24\/7. \u00a1Descarga la aplicaci\u00f3n y empieza a ganar hoy mismo!","breadcrumb":{"@id":"http:\/\/spin-samurai.games\/es\/app\/#breadcrumb"},"inLanguage":"es","potentialAction":[{"@type":"ReadAction","target":["http:\/\/spin-samurai.games\/es\/app\/"]}]},{"@type":"BreadcrumbList","@id":"http:\/\/spin-samurai.games\/es\/app\/#breadcrumb","itemListElement":[{"@type":"ListItem","position":1,"name":"Portada","item":"http:\/\/spin-samurai.games\/es\/"},{"@type":"ListItem","position":2,"name":"Aplicaci\u00f3n"}]},{"@type":"WebSite","@id":"http:\/\/spin-samurai.games\/es\/#website","url":"http:\/\/spin-samurai.games\/es\/","name":"Spin Samurai Games es","description":"","potentialAction":[{"@type":"SearchAction","target":{"@type":"EntryPoint","urlTemplate":"http:\/\/spin-samurai.games\/es\/?s={search_term_string}"},"query-input":{"@type":"PropertyValueSpecification","valueRequired":true,"valueName":"search_term_string"}}],"inLanguage":"es"}]}},"_links":{"self":[{"href":"https:\/\/spin-samurai.games\/es\/wp-json\/wp\/v2\/pages\/799","targetHints":{"allow":["GET"]}}],"collection":[{"href":"https:\/\/spin-samurai.games\/es\/wp-json\/wp\/v2\/pages"}],"about":[{"href":"https:\/\/spin-samurai.games\/es\/wp-json\/wp\/v2\/types\/page"}],"author":[{"embeddable":true,"href":"https:\/\/spin-samurai.games\/es\/wp-json\/wp\/v2\/users\/1"}],"replies":[{"embeddable":true,"href":"https:\/\/spin-samurai.games\/es\/wp-json\/wp\/v2\/comments?post=799"}],"version-history":[{"count":9,"href":"https:\/\/spin-samurai.games\/es\/wp-json\/wp\/v2\/pages\/799\/revisions"}],"predecessor-version":[{"id":1112,"href":"https:\/\/spin-samurai.games\/es\/wp-json\/wp\/v2\/pages\/799\/revisions\/1112"}],"wp:attachment":[{"href":"https:\/\/spin-samurai.games\/es\/wp-json\/wp\/v2\/media?parent=799"}],"curies":[{"name":"wp","href":"https:\/\/api.w.org\/{rel}","templated":true}]}}