{"id":799,"date":"2025-08-20T08:58:59","date_gmt":"2025-08-20T05:58:59","guid":{"rendered":"https:\/\/spin-samurai.games\/de\/?page_id=799"},"modified":"2025-09-05T19:19:04","modified_gmt":"2025-09-05T16:19:04","slug":"app","status":"publish","type":"page","link":"https:\/\/spin-samurai.games\/de\/app\/","title":{"rendered":"App"},"content":{"rendered":"","protected":false},"excerpt":{"rendered":"","protected":false},"author":1,"featured_media":0,"parent":0,"menu_order":0,"comment_status":"closed","ping_status":"closed","template":"","meta":{"_acf_changed":false,"footnotes":""},"class_list":["post-799","page","type-page","status-publish","hentry"],"acf":[],"yoast_head":"<!-- This site is optimized with the Yoast SEO plugin v25.7 - https:\/\/yoast.com\/wordpress\/plugins\/seo\/ -->\n<title>Spin Samurai App | Download Mobile Kasino-App<\/title>\n<meta name=\"description\" content=\"Spin Samurai Mobile Kasino App mit \u00fcber 3.000 Spielen. Genie\u00dfen Sie ein sicheres Spielerlebnis auf iOS und Android mit einer einfachen Benutzeroberfl\u00e4che, gro\u00dfz\u00fcgigen Boni und Support rund um die Uhr. Laden Sie die App herunter und gewinnen Sie noch heute!\" \/>\n<meta name=\"robots\" content=\"index, follow, max-snippet:-1, max-image-preview:large, max-video-preview:-1\" \/>\n<link rel=\"canonical\" href=\"https:\/\/spinsamurai.games\/de\/app\/\" \/>\n<meta property=\"og:locale\" content=\"de_DE\" \/>\n<meta property=\"og:type\" content=\"article\" \/>\n<meta property=\"og:title\" content=\"Spin Samurai App | Download Mobile Kasino-App\" \/>\n<meta property=\"og:description\" content=\"Spin Samurai Mobile Kasino App mit \u00fcber 3.000 Spielen. Genie\u00dfen Sie ein sicheres Spielerlebnis auf iOS und Android mit einer einfachen Benutzeroberfl\u00e4che, gro\u00dfz\u00fcgigen Boni und Support rund um die Uhr. Laden Sie die App herunter und gewinnen Sie noch heute!\" \/>\n<meta property=\"og:url\" content=\"https:\/\/spinsamurai.games\/de\/app\/\" \/>\n<meta property=\"og:site_name\" content=\"Spin Samurai Games de\" \/>\n<meta property=\"article:modified_time\" content=\"2025-09-05T16:19:04+00:00\" \/>\n<meta name=\"twitter:card\" content=\"summary_large_image\" \/>\n<script type=\"application\/ld+json\" class=\"yoast-schema-graph\">{\"@context\":\"https:\/\/schema.org\",\"@graph\":[{\"@type\":\"WebPage\",\"@id\":\"https:\/\/spinsamurai.games\/de\/app\/\",\"url\":\"https:\/\/spinsamurai.games\/de\/app\/\",\"name\":\"Spin Samurai App | Download Mobile Kasino-App\",\"isPartOf\":{\"@id\":\"https:\/\/spin-samurai.games\/de\/#website\"},\"datePublished\":\"2025-08-20T05:58:59+00:00\",\"dateModified\":\"2025-09-05T16:19:04+00:00\",\"description\":\"Spin Samurai Mobile Kasino App mit \u00fcber 3.000 Spielen. Genie\u00dfen Sie ein sicheres Spielerlebnis auf iOS und Android mit einer einfachen Benutzeroberfl\u00e4che, gro\u00dfz\u00fcgigen Boni und Support rund um die Uhr. Laden Sie die App herunter und gewinnen Sie noch heute!\",\"breadcrumb\":{\"@id\":\"https:\/\/spinsamurai.games\/de\/app\/#breadcrumb\"},\"inLanguage\":\"de\",\"potentialAction\":[{\"@type\":\"ReadAction\",\"target\":[\"https:\/\/spinsamurai.games\/de\/app\/\"]}]},{\"@type\":\"BreadcrumbList\",\"@id\":\"https:\/\/spinsamurai.games\/de\/app\/#breadcrumb\",\"itemListElement\":[{\"@type\":\"ListItem\",\"position\":1,\"name\":\"Startseite\",\"item\":\"https:\/\/spinsamurai.games\/de\/\"},{\"@type\":\"ListItem\",\"position\":2,\"name\":\"App\"}]},{\"@type\":\"WebSite\",\"@id\":\"https:\/\/spin-samurai.games\/de\/#website\",\"url\":\"https:\/\/spin-samurai.games\/de\/\",\"name\":\"Spin Samurai Games de\",\"description\":\"\",\"potentialAction\":[{\"@type\":\"SearchAction\",\"target\":{\"@type\":\"EntryPoint\",\"urlTemplate\":\"https:\/\/spin-samurai.games\/de\/?s={search_term_string}\"},\"query-input\":{\"@type\":\"PropertyValueSpecification\",\"valueRequired\":true,\"valueName\":\"search_term_string\"}}],\"inLanguage\":\"de\"}]}<\/script>\n<!-- \/ Yoast SEO plugin. -->","yoast_head_json":{"title":"Spin Samurai App | Download Mobile Kasino-App","description":"Spin Samurai Mobile Kasino App mit \u00fcber 3.000 Spielen. Genie\u00dfen Sie ein sicheres Spielerlebnis auf iOS und Android mit einer einfachen Benutzeroberfl\u00e4che, gro\u00dfz\u00fcgigen Boni und Support rund um die Uhr. Laden Sie die App herunter und gewinnen Sie noch heute!","robots":{"index":"index","follow":"follow","max-snippet":"max-snippet:-1","max-image-preview":"max-image-preview:large","max-video-preview":"max-video-preview:-1"},"canonical":"https:\/\/spinsamurai.games\/de\/app\/","og_locale":"de_DE","og_type":"article","og_title":"Spin Samurai App | Download Mobile Kasino-App","og_description":"Spin Samurai Mobile Kasino App mit \u00fcber 3.000 Spielen. Genie\u00dfen Sie ein sicheres Spielerlebnis auf iOS und Android mit einer einfachen Benutzeroberfl\u00e4che, gro\u00dfz\u00fcgigen Boni und Support rund um die Uhr. Laden Sie die App herunter und gewinnen Sie noch heute!","og_url":"https:\/\/spinsamurai.games\/de\/app\/","og_site_name":"Spin Samurai Games de","article_modified_time":"2025-09-05T16:19:04+00:00","twitter_card":"summary_large_image","schema":{"@context":"https:\/\/schema.org","@graph":[{"@type":"WebPage","@id":"https:\/\/spinsamurai.games\/de\/app\/","url":"https:\/\/spinsamurai.games\/de\/app\/","name":"Spin Samurai App | Download Mobile Kasino-App","isPartOf":{"@id":"https:\/\/spin-samurai.games\/de\/#website"},"datePublished":"2025-08-20T05:58:59+00:00","dateModified":"2025-09-05T16:19:04+00:00","description":"Spin Samurai Mobile Kasino App mit \u00fcber 3.000 Spielen. Genie\u00dfen Sie ein sicheres Spielerlebnis auf iOS und Android mit einer einfachen Benutzeroberfl\u00e4che, gro\u00dfz\u00fcgigen Boni und Support rund um die Uhr. Laden Sie die App herunter und gewinnen Sie noch heute!","breadcrumb":{"@id":"https:\/\/spinsamurai.games\/de\/app\/#breadcrumb"},"inLanguage":"de","potentialAction":[{"@type":"ReadAction","target":["https:\/\/spinsamurai.games\/de\/app\/"]}]},{"@type":"BreadcrumbList","@id":"https:\/\/spinsamurai.games\/de\/app\/#breadcrumb","itemListElement":[{"@type":"ListItem","position":1,"name":"Startseite","item":"https:\/\/spinsamurai.games\/de\/"},{"@type":"ListItem","position":2,"name":"App"}]},{"@type":"WebSite","@id":"https:\/\/spin-samurai.games\/de\/#website","url":"https:\/\/spin-samurai.games\/de\/","name":"Spin Samurai Games de","description":"","potentialAction":[{"@type":"SearchAction","target":{"@type":"EntryPoint","urlTemplate":"https:\/\/spin-samurai.games\/de\/?s={search_term_string}"},"query-input":{"@type":"PropertyValueSpecification","valueRequired":true,"valueName":"search_term_string"}}],"inLanguage":"de"}]}},"_links":{"self":[{"href":"https:\/\/spin-samurai.games\/de\/wp-json\/wp\/v2\/pages\/799","targetHints":{"allow":["GET"]}}],"collection":[{"href":"https:\/\/spin-samurai.games\/de\/wp-json\/wp\/v2\/pages"}],"about":[{"href":"https:\/\/spin-samurai.games\/de\/wp-json\/wp\/v2\/types\/page"}],"author":[{"embeddable":true,"href":"https:\/\/spin-samurai.games\/de\/wp-json\/wp\/v2\/users\/1"}],"replies":[{"embeddable":true,"href":"https:\/\/spin-samurai.games\/de\/wp-json\/wp\/v2\/comments?post=799"}],"version-history":[{"count":8,"href":"https:\/\/spin-samurai.games\/de\/wp-json\/wp\/v2\/pages\/799\/revisions"}],"predecessor-version":[{"id":1114,"href":"https:\/\/spin-samurai.games\/de\/wp-json\/wp\/v2\/pages\/799\/revisions\/1114"}],"wp:attachment":[{"href":"https:\/\/spin-samurai.games\/de\/wp-json\/wp\/v2\/media?parent=799"}],"curies":[{"name":"wp","href":"https:\/\/api.w.org\/{rel}","templated":true}]}}