{"id":1006,"date":"2025-08-26T15:58:20","date_gmt":"2025-08-26T12:58:20","guid":{"rendered":"https:\/\/spin-samurai.games\/de\/?page_id=1006"},"modified":"2025-09-28T11:13:10","modified_gmt":"2025-09-28T08:13:10","slug":"deposit","status":"publish","type":"page","link":"https:\/\/spin-samurai.games\/de\/deposit\/","title":{"rendered":"Einzahlung"},"content":{"rendered":"","protected":false},"excerpt":{"rendered":"","protected":false},"author":1,"featured_media":0,"parent":0,"menu_order":0,"comment_status":"closed","ping_status":"closed","template":"","meta":{"_acf_changed":false,"footnotes":""},"class_list":["post-1006","page","type-page","status-publish","hentry"],"acf":[],"yoast_head":"<!-- This site is optimized with the Yoast SEO plugin v25.7 - https:\/\/yoast.com\/wordpress\/plugins\/seo\/ -->\n<title>Spin Samurai Einzahlung | Anleitung zur Einzahlung auf Ihr Konto<\/title>\n<meta name=\"description\" content=\"Erfahren Sie, wie einfach und schnell Sie Ihr Konto bei Spin Samurai aufladen k\u00f6nnen! Eine detaillierte Anleitung zu Einzahlungsmethoden, Mindestbetr\u00e4gen und Boni f\u00fcr neue Spieler. Fangen Sie jetzt an zu gewinnen!\" \/>\n<meta name=\"robots\" content=\"index, follow, max-snippet:-1, max-image-preview:large, max-video-preview:-1\" \/>\n<link rel=\"canonical\" href=\"https:\/\/spinsamurai.games\/de\/deposit\/\" \/>\n<meta property=\"og:locale\" content=\"de_DE\" \/>\n<meta property=\"og:type\" content=\"article\" \/>\n<meta property=\"og:title\" content=\"Spin Samurai Einzahlung | Anleitung zur Einzahlung auf Ihr Konto\" \/>\n<meta property=\"og:description\" content=\"Erfahren Sie, wie einfach und schnell Sie Ihr Konto bei Spin Samurai aufladen k\u00f6nnen! Eine detaillierte Anleitung zu Einzahlungsmethoden, Mindestbetr\u00e4gen und Boni f\u00fcr neue Spieler. Fangen Sie jetzt an zu gewinnen!\" \/>\n<meta property=\"og:url\" content=\"https:\/\/spinsamurai.games\/de\/deposit\/\" \/>\n<meta property=\"og:site_name\" content=\"Spin Samurai Games de\" \/>\n<meta property=\"article:modified_time\" content=\"2025-09-28T08:13:10+00:00\" \/>\n<meta name=\"twitter:card\" content=\"summary_large_image\" \/>\n<script type=\"application\/ld+json\" class=\"yoast-schema-graph\">{\"@context\":\"https:\/\/schema.org\",\"@graph\":[{\"@type\":\"WebPage\",\"@id\":\"https:\/\/spinsamurai.games\/de\/deposit\/\",\"url\":\"https:\/\/spinsamurai.games\/de\/deposit\/\",\"name\":\"Spin Samurai Einzahlung | Anleitung zur Einzahlung auf Ihr Konto\",\"isPartOf\":{\"@id\":\"https:\/\/spin-samurai.games\/de\/#website\"},\"datePublished\":\"2025-08-26T12:58:20+00:00\",\"dateModified\":\"2025-09-28T08:13:10+00:00\",\"description\":\"Erfahren Sie, wie einfach und schnell Sie Ihr Konto bei Spin Samurai aufladen k\u00f6nnen! Eine detaillierte Anleitung zu Einzahlungsmethoden, Mindestbetr\u00e4gen und Boni f\u00fcr neue Spieler. Fangen Sie jetzt an zu gewinnen!\",\"breadcrumb\":{\"@id\":\"https:\/\/spinsamurai.games\/de\/deposit\/#breadcrumb\"},\"inLanguage\":\"de\",\"potentialAction\":[{\"@type\":\"ReadAction\",\"target\":[\"https:\/\/spinsamurai.games\/de\/deposit\/\"]}]},{\"@type\":\"BreadcrumbList\",\"@id\":\"https:\/\/spinsamurai.games\/de\/deposit\/#breadcrumb\",\"itemListElement\":[{\"@type\":\"ListItem\",\"position\":1,\"name\":\"Startseite\",\"item\":\"https:\/\/spinsamurai.games\/de\/\"},{\"@type\":\"ListItem\",\"position\":2,\"name\":\"Einzahlung\"}]},{\"@type\":\"WebSite\",\"@id\":\"https:\/\/spin-samurai.games\/de\/#website\",\"url\":\"https:\/\/spin-samurai.games\/de\/\",\"name\":\"Spin Samurai Games de\",\"description\":\"\",\"potentialAction\":[{\"@type\":\"SearchAction\",\"target\":{\"@type\":\"EntryPoint\",\"urlTemplate\":\"https:\/\/spin-samurai.games\/de\/?s={search_term_string}\"},\"query-input\":{\"@type\":\"PropertyValueSpecification\",\"valueRequired\":true,\"valueName\":\"search_term_string\"}}],\"inLanguage\":\"de\"}]}<\/script>\n<!-- \/ Yoast SEO plugin. -->","yoast_head_json":{"title":"Spin Samurai Einzahlung | Anleitung zur Einzahlung auf Ihr Konto","description":"Erfahren Sie, wie einfach und schnell Sie Ihr Konto bei Spin Samurai aufladen k\u00f6nnen! Eine detaillierte Anleitung zu Einzahlungsmethoden, Mindestbetr\u00e4gen und Boni f\u00fcr neue Spieler. Fangen Sie jetzt an zu gewinnen!","robots":{"index":"index","follow":"follow","max-snippet":"max-snippet:-1","max-image-preview":"max-image-preview:large","max-video-preview":"max-video-preview:-1"},"canonical":"https:\/\/spinsamurai.games\/de\/deposit\/","og_locale":"de_DE","og_type":"article","og_title":"Spin Samurai Einzahlung | Anleitung zur Einzahlung auf Ihr Konto","og_description":"Erfahren Sie, wie einfach und schnell Sie Ihr Konto bei Spin Samurai aufladen k\u00f6nnen! Eine detaillierte Anleitung zu Einzahlungsmethoden, Mindestbetr\u00e4gen und Boni f\u00fcr neue Spieler. Fangen Sie jetzt an zu gewinnen!","og_url":"https:\/\/spinsamurai.games\/de\/deposit\/","og_site_name":"Spin Samurai Games de","article_modified_time":"2025-09-28T08:13:10+00:00","twitter_card":"summary_large_image","schema":{"@context":"https:\/\/schema.org","@graph":[{"@type":"WebPage","@id":"https:\/\/spinsamurai.games\/de\/deposit\/","url":"https:\/\/spinsamurai.games\/de\/deposit\/","name":"Spin Samurai Einzahlung | Anleitung zur Einzahlung auf Ihr Konto","isPartOf":{"@id":"https:\/\/spin-samurai.games\/de\/#website"},"datePublished":"2025-08-26T12:58:20+00:00","dateModified":"2025-09-28T08:13:10+00:00","description":"Erfahren Sie, wie einfach und schnell Sie Ihr Konto bei Spin Samurai aufladen k\u00f6nnen! Eine detaillierte Anleitung zu Einzahlungsmethoden, Mindestbetr\u00e4gen und Boni f\u00fcr neue Spieler. Fangen Sie jetzt an zu gewinnen!","breadcrumb":{"@id":"https:\/\/spinsamurai.games\/de\/deposit\/#breadcrumb"},"inLanguage":"de","potentialAction":[{"@type":"ReadAction","target":["https:\/\/spinsamurai.games\/de\/deposit\/"]}]},{"@type":"BreadcrumbList","@id":"https:\/\/spinsamurai.games\/de\/deposit\/#breadcrumb","itemListElement":[{"@type":"ListItem","position":1,"name":"Startseite","item":"https:\/\/spinsamurai.games\/de\/"},{"@type":"ListItem","position":2,"name":"Einzahlung"}]},{"@type":"WebSite","@id":"https:\/\/spin-samurai.games\/de\/#website","url":"https:\/\/spin-samurai.games\/de\/","name":"Spin Samurai Games de","description":"","potentialAction":[{"@type":"SearchAction","target":{"@type":"EntryPoint","urlTemplate":"https:\/\/spin-samurai.games\/de\/?s={search_term_string}"},"query-input":{"@type":"PropertyValueSpecification","valueRequired":true,"valueName":"search_term_string"}}],"inLanguage":"de"}]}},"_links":{"self":[{"href":"https:\/\/spin-samurai.games\/de\/wp-json\/wp\/v2\/pages\/1006","targetHints":{"allow":["GET"]}}],"collection":[{"href":"https:\/\/spin-samurai.games\/de\/wp-json\/wp\/v2\/pages"}],"about":[{"href":"https:\/\/spin-samurai.games\/de\/wp-json\/wp\/v2\/types\/page"}],"author":[{"embeddable":true,"href":"https:\/\/spin-samurai.games\/de\/wp-json\/wp\/v2\/users\/1"}],"replies":[{"embeddable":true,"href":"https:\/\/spin-samurai.games\/de\/wp-json\/wp\/v2\/comments?post=1006"}],"version-history":[{"count":7,"href":"https:\/\/spin-samurai.games\/de\/wp-json\/wp\/v2\/pages\/1006\/revisions"}],"predecessor-version":[{"id":1118,"href":"https:\/\/spin-samurai.games\/de\/wp-json\/wp\/v2\/pages\/1006\/revisions\/1118"}],"wp:attachment":[{"href":"https:\/\/spin-samurai.games\/de\/wp-json\/wp\/v2\/media?parent=1006"}],"curies":[{"name":"wp","href":"https:\/\/api.w.org\/{rel}","templated":true}]}}