{"id":799,"date":"2025-08-20T08:58:59","date_gmt":"2025-08-20T05:58:59","guid":{"rendered":"https:\/\/spin-samurai.games\/canada\/?page_id=799"},"modified":"2025-09-28T11:07:00","modified_gmt":"2025-09-28T08:07:00","slug":"app","status":"publish","type":"page","link":"https:\/\/spin-samurai.games\/canada\/app\/","title":{"rendered":"Application"},"content":{"rendered":"","protected":false},"excerpt":{"rendered":"","protected":false},"author":1,"featured_media":0,"parent":0,"menu_order":0,"comment_status":"closed","ping_status":"closed","template":"","meta":{"_acf_changed":false,"footnotes":""},"class_list":["post-799","page","type-page","status-publish","hentry"],"acf":[],"yoast_head":"<!-- This site is optimized with the Yoast SEO plugin v25.7 - https:\/\/yoast.com\/wordpress\/plugins\/seo\/ -->\n<title>Application Spin Samurai Canada | T\u00e9l\u00e9charger l&#039;application<\/title>\n<meta name=\"description\" content=\"Application mobile Spin Samurai Casino avec plus de 3 000 jeux. Profitez d&#039;une exp\u00e9rience de jeu s\u00e9curis\u00e9e sur iOS et Android avec une interface simple, des bonus g\u00e9n\u00e9reux et une assistance 24h\/24, 7j\/7. T\u00e9l\u00e9chargez l&#039;application et commencez \u00e0 gagner d\u00e8s aujourd&#039;hui !\" \/>\n<meta name=\"robots\" content=\"index, follow, max-snippet:-1, max-image-preview:large, max-video-preview:-1\" \/>\n<link rel=\"canonical\" href=\"https:\/\/spinsamurai.games\/canada\/app\/\" \/>\n<meta property=\"og:locale\" content=\"fr_CA\" \/>\n<meta property=\"og:type\" content=\"article\" \/>\n<meta property=\"og:title\" content=\"Application Spin Samurai Canada | T\u00e9l\u00e9charger l&#039;application\" \/>\n<meta property=\"og:description\" content=\"Application mobile Spin Samurai Casino avec plus de 3 000 jeux. Profitez d&#039;une exp\u00e9rience de jeu s\u00e9curis\u00e9e sur iOS et Android avec une interface simple, des bonus g\u00e9n\u00e9reux et une assistance 24h\/24, 7j\/7. T\u00e9l\u00e9chargez l&#039;application et commencez \u00e0 gagner d\u00e8s aujourd&#039;hui !\" \/>\n<meta property=\"og:url\" content=\"https:\/\/spinsamurai.games\/canada\/app\/\" \/>\n<meta property=\"og:site_name\" content=\"Spin Samurai Games ca\" \/>\n<meta property=\"article:modified_time\" content=\"2025-09-28T08:07:00+00:00\" \/>\n<meta name=\"twitter:card\" content=\"summary_large_image\" \/>\n<script type=\"application\/ld+json\" class=\"yoast-schema-graph\">{\"@context\":\"https:\/\/schema.org\",\"@graph\":[{\"@type\":\"WebPage\",\"@id\":\"https:\/\/spinsamurai.games\/canada\/app\/\",\"url\":\"https:\/\/spinsamurai.games\/canada\/app\/\",\"name\":\"Application Spin Samurai Canada | T\u00e9l\u00e9charger l'application\",\"isPartOf\":{\"@id\":\"https:\/\/spin-samurai.games\/canada\/#website\"},\"datePublished\":\"2025-08-20T05:58:59+00:00\",\"dateModified\":\"2025-09-28T08:07:00+00:00\",\"description\":\"Application mobile Spin Samurai Casino avec plus de 3 000 jeux. Profitez d'une exp\u00e9rience de jeu s\u00e9curis\u00e9e sur iOS et Android avec une interface simple, des bonus g\u00e9n\u00e9reux et une assistance 24h\/24, 7j\/7. T\u00e9l\u00e9chargez l'application et commencez \u00e0 gagner d\u00e8s aujourd'hui !\",\"breadcrumb\":{\"@id\":\"https:\/\/spinsamurai.games\/canada\/app\/#breadcrumb\"},\"inLanguage\":\"fr-CA\",\"potentialAction\":[{\"@type\":\"ReadAction\",\"target\":[\"https:\/\/spinsamurai.games\/canada\/app\/\"]}]},{\"@type\":\"BreadcrumbList\",\"@id\":\"https:\/\/spinsamurai.games\/canada\/app\/#breadcrumb\",\"itemListElement\":[{\"@type\":\"ListItem\",\"position\":1,\"name\":\"Accueil\",\"item\":\"http:\/\/spinsamurai.games\/canada\/\"},{\"@type\":\"ListItem\",\"position\":2,\"name\":\"Application\"}]},{\"@type\":\"WebSite\",\"@id\":\"https:\/\/spin-samurai.games\/canada\/#website\",\"url\":\"https:\/\/spin-samurai.games\/canada\/\",\"name\":\"Spin Samurai Games ca\",\"description\":\"\",\"potentialAction\":[{\"@type\":\"SearchAction\",\"target\":{\"@type\":\"EntryPoint\",\"urlTemplate\":\"https:\/\/spin-samurai.games\/canada\/?s={search_term_string}\"},\"query-input\":{\"@type\":\"PropertyValueSpecification\",\"valueRequired\":true,\"valueName\":\"search_term_string\"}}],\"inLanguage\":\"fr-CA\"}]}<\/script>\n<!-- \/ Yoast SEO plugin. -->","yoast_head_json":{"title":"Application Spin Samurai Canada | T\u00e9l\u00e9charger l'application","description":"Application mobile Spin Samurai Casino avec plus de 3 000 jeux. Profitez d'une exp\u00e9rience de jeu s\u00e9curis\u00e9e sur iOS et Android avec une interface simple, des bonus g\u00e9n\u00e9reux et une assistance 24h\/24, 7j\/7. T\u00e9l\u00e9chargez l'application et commencez \u00e0 gagner d\u00e8s aujourd'hui !","robots":{"index":"index","follow":"follow","max-snippet":"max-snippet:-1","max-image-preview":"max-image-preview:large","max-video-preview":"max-video-preview:-1"},"canonical":"https:\/\/spinsamurai.games\/canada\/app\/","og_locale":"fr_CA","og_type":"article","og_title":"Application Spin Samurai Canada | T\u00e9l\u00e9charger l'application","og_description":"Application mobile Spin Samurai Casino avec plus de 3 000 jeux. Profitez d'une exp\u00e9rience de jeu s\u00e9curis\u00e9e sur iOS et Android avec une interface simple, des bonus g\u00e9n\u00e9reux et une assistance 24h\/24, 7j\/7. T\u00e9l\u00e9chargez l'application et commencez \u00e0 gagner d\u00e8s aujourd'hui !","og_url":"https:\/\/spinsamurai.games\/canada\/app\/","og_site_name":"Spin Samurai Games ca","article_modified_time":"2025-09-28T08:07:00+00:00","twitter_card":"summary_large_image","schema":{"@context":"https:\/\/schema.org","@graph":[{"@type":"WebPage","@id":"https:\/\/spinsamurai.games\/canada\/app\/","url":"https:\/\/spinsamurai.games\/canada\/app\/","name":"Application Spin Samurai Canada | T\u00e9l\u00e9charger l'application","isPartOf":{"@id":"https:\/\/spin-samurai.games\/canada\/#website"},"datePublished":"2025-08-20T05:58:59+00:00","dateModified":"2025-09-28T08:07:00+00:00","description":"Application mobile Spin Samurai Casino avec plus de 3 000 jeux. Profitez d'une exp\u00e9rience de jeu s\u00e9curis\u00e9e sur iOS et Android avec une interface simple, des bonus g\u00e9n\u00e9reux et une assistance 24h\/24, 7j\/7. T\u00e9l\u00e9chargez l'application et commencez \u00e0 gagner d\u00e8s aujourd'hui !","breadcrumb":{"@id":"https:\/\/spinsamurai.games\/canada\/app\/#breadcrumb"},"inLanguage":"fr-CA","potentialAction":[{"@type":"ReadAction","target":["https:\/\/spinsamurai.games\/canada\/app\/"]}]},{"@type":"BreadcrumbList","@id":"https:\/\/spinsamurai.games\/canada\/app\/#breadcrumb","itemListElement":[{"@type":"ListItem","position":1,"name":"Accueil","item":"http:\/\/spinsamurai.games\/canada\/"},{"@type":"ListItem","position":2,"name":"Application"}]},{"@type":"WebSite","@id":"https:\/\/spin-samurai.games\/canada\/#website","url":"https:\/\/spin-samurai.games\/canada\/","name":"Spin Samurai Games ca","description":"","potentialAction":[{"@type":"SearchAction","target":{"@type":"EntryPoint","urlTemplate":"https:\/\/spin-samurai.games\/canada\/?s={search_term_string}"},"query-input":{"@type":"PropertyValueSpecification","valueRequired":true,"valueName":"search_term_string"}}],"inLanguage":"fr-CA"}]}},"_links":{"self":[{"href":"https:\/\/spin-samurai.games\/canada\/wp-json\/wp\/v2\/pages\/799","targetHints":{"allow":["GET"]}}],"collection":[{"href":"https:\/\/spin-samurai.games\/canada\/wp-json\/wp\/v2\/pages"}],"about":[{"href":"https:\/\/spin-samurai.games\/canada\/wp-json\/wp\/v2\/types\/page"}],"author":[{"embeddable":true,"href":"https:\/\/spin-samurai.games\/canada\/wp-json\/wp\/v2\/users\/1"}],"replies":[{"embeddable":true,"href":"https:\/\/spin-samurai.games\/canada\/wp-json\/wp\/v2\/comments?post=799"}],"version-history":[{"count":11,"href":"https:\/\/spin-samurai.games\/canada\/wp-json\/wp\/v2\/pages\/799\/revisions"}],"predecessor-version":[{"id":1149,"href":"https:\/\/spin-samurai.games\/canada\/wp-json\/wp\/v2\/pages\/799\/revisions\/1149"}],"wp:attachment":[{"href":"https:\/\/spin-samurai.games\/canada\/wp-json\/wp\/v2\/media?parent=799"}],"curies":[{"name":"wp","href":"https:\/\/api.w.org\/{rel}","templated":true}]}}