{"id":2,"date":"2025-08-18T14:28:47","date_gmt":"2025-08-18T11:28:47","guid":{"rendered":"https:\/\/spin-samurai.games\/canada\/?page_id=2"},"modified":"2025-09-28T11:04:25","modified_gmt":"2025-09-28T08:04:25","slug":"home","status":"publish","type":"page","link":"https:\/\/spin-samurai.games\/canada\/","title":{"rendered":"Accueil"},"content":{"rendered":"","protected":false},"excerpt":{"rendered":"","protected":false},"author":1,"featured_media":0,"parent":0,"menu_order":0,"comment_status":"closed","ping_status":"closed","template":"","meta":{"_acf_changed":false,"footnotes":""},"class_list":["post-2","page","type-page","status-publish","hentry"],"acf":[],"yoast_head":"<!-- This site is optimized with the Yoast SEO plugin v25.7 - https:\/\/yoast.com\/wordpress\/plugins\/seo\/ -->\n<title>Spin Samurai \u0421asino | Meilleurs jeux, tournois et bonus<\/title>\n<meta name=\"description\" content=\"D\u00e9couvrez Spin Samurai Canada, un casino en ligne s\u00e9curis\u00e9 proposant des jeux passionnants, des bonus g\u00e9n\u00e9reux et une ambiance incroyable. Jouez d\u00e8s maintenant et gagnez!\" \/>\n<meta name=\"robots\" content=\"index, follow, max-snippet:-1, max-image-preview:large, max-video-preview:-1\" \/>\n<link rel=\"canonical\" href=\"http:\/\/spinsamurai.games\/canada\/\" \/>\n<meta property=\"og:locale\" content=\"fr_CA\" \/>\n<meta property=\"og:type\" content=\"article\" \/>\n<meta property=\"og:title\" content=\"Spin Samurai \u0421asino | Meilleurs jeux, tournois et bonus\" \/>\n<meta property=\"og:description\" content=\"D\u00e9couvrez Spin Samurai Canada, un casino en ligne s\u00e9curis\u00e9 proposant des jeux passionnants, des bonus g\u00e9n\u00e9reux et une ambiance incroyable. Jouez d\u00e8s maintenant et gagnez!\" \/>\n<meta property=\"og:url\" content=\"http:\/\/spinsamurai.games\/canada\/\" \/>\n<meta property=\"og:site_name\" content=\"Spin Samurai Games ca\" \/>\n<meta property=\"article:modified_time\" content=\"2025-09-28T08:04:25+00:00\" \/>\n<meta name=\"twitter:card\" content=\"summary_large_image\" \/>\n<script type=\"application\/ld+json\" class=\"yoast-schema-graph\">{\"@context\":\"https:\/\/schema.org\",\"@graph\":[{\"@type\":\"WebPage\",\"@id\":\"http:\/\/spinsamurai.games\/canada\/\",\"url\":\"http:\/\/spinsamurai.games\/canada\/\",\"name\":\"Spin Samurai \u0421asino | Meilleurs jeux, tournois et bonus\",\"isPartOf\":{\"@id\":\"https:\/\/spin-samurai.games\/canada\/#website\"},\"datePublished\":\"2025-08-18T11:28:47+00:00\",\"dateModified\":\"2025-09-28T08:04:25+00:00\",\"description\":\"D\u00e9couvrez Spin Samurai Canada, un casino en ligne s\u00e9curis\u00e9 proposant des jeux passionnants, des bonus g\u00e9n\u00e9reux et une ambiance incroyable. Jouez d\u00e8s maintenant et gagnez!\",\"breadcrumb\":{\"@id\":\"http:\/\/spinsamurai.games\/canada\/#breadcrumb\"},\"inLanguage\":\"fr-CA\",\"potentialAction\":[{\"@type\":\"ReadAction\",\"target\":[\"http:\/\/spinsamurai.games\/canada\/\"]}]},{\"@type\":\"BreadcrumbList\",\"@id\":\"http:\/\/spinsamurai.games\/canada\/#breadcrumb\",\"itemListElement\":[{\"@type\":\"ListItem\",\"position\":1,\"name\":\"Accueil\",\"item\":\"http:\/\/spinsamurai.games\/canada\/\"},{\"@type\":\"ListItem\",\"position\":2,\"name\":\"Accueil\"}]},{\"@type\":\"WebSite\",\"@id\":\"https:\/\/spin-samurai.games\/canada\/#website\",\"url\":\"https:\/\/spin-samurai.games\/canada\/\",\"name\":\"Spin Samurai Games ca\",\"description\":\"\",\"potentialAction\":[{\"@type\":\"SearchAction\",\"target\":{\"@type\":\"EntryPoint\",\"urlTemplate\":\"https:\/\/spin-samurai.games\/canada\/?s={search_term_string}\"},\"query-input\":{\"@type\":\"PropertyValueSpecification\",\"valueRequired\":true,\"valueName\":\"search_term_string\"}}],\"inLanguage\":\"fr-CA\"}]}<\/script>\n<!-- \/ Yoast SEO plugin. -->","yoast_head_json":{"title":"Spin Samurai \u0421asino | Meilleurs jeux, tournois et bonus","description":"D\u00e9couvrez Spin Samurai Canada, un casino en ligne s\u00e9curis\u00e9 proposant des jeux passionnants, des bonus g\u00e9n\u00e9reux et une ambiance incroyable. Jouez d\u00e8s maintenant et gagnez!","robots":{"index":"index","follow":"follow","max-snippet":"max-snippet:-1","max-image-preview":"max-image-preview:large","max-video-preview":"max-video-preview:-1"},"canonical":"http:\/\/spinsamurai.games\/canada\/","og_locale":"fr_CA","og_type":"article","og_title":"Spin Samurai \u0421asino | Meilleurs jeux, tournois et bonus","og_description":"D\u00e9couvrez Spin Samurai Canada, un casino en ligne s\u00e9curis\u00e9 proposant des jeux passionnants, des bonus g\u00e9n\u00e9reux et une ambiance incroyable. Jouez d\u00e8s maintenant et gagnez!","og_url":"http:\/\/spinsamurai.games\/canada\/","og_site_name":"Spin Samurai Games ca","article_modified_time":"2025-09-28T08:04:25+00:00","twitter_card":"summary_large_image","schema":{"@context":"https:\/\/schema.org","@graph":[{"@type":"WebPage","@id":"http:\/\/spinsamurai.games\/canada\/","url":"http:\/\/spinsamurai.games\/canada\/","name":"Spin Samurai \u0421asino | Meilleurs jeux, tournois et bonus","isPartOf":{"@id":"https:\/\/spin-samurai.games\/canada\/#website"},"datePublished":"2025-08-18T11:28:47+00:00","dateModified":"2025-09-28T08:04:25+00:00","description":"D\u00e9couvrez Spin Samurai Canada, un casino en ligne s\u00e9curis\u00e9 proposant des jeux passionnants, des bonus g\u00e9n\u00e9reux et une ambiance incroyable. Jouez d\u00e8s maintenant et gagnez!","breadcrumb":{"@id":"http:\/\/spinsamurai.games\/canada\/#breadcrumb"},"inLanguage":"fr-CA","potentialAction":[{"@type":"ReadAction","target":["http:\/\/spinsamurai.games\/canada\/"]}]},{"@type":"BreadcrumbList","@id":"http:\/\/spinsamurai.games\/canada\/#breadcrumb","itemListElement":[{"@type":"ListItem","position":1,"name":"Accueil","item":"http:\/\/spinsamurai.games\/canada\/"},{"@type":"ListItem","position":2,"name":"Accueil"}]},{"@type":"WebSite","@id":"https:\/\/spin-samurai.games\/canada\/#website","url":"https:\/\/spin-samurai.games\/canada\/","name":"Spin Samurai Games ca","description":"","potentialAction":[{"@type":"SearchAction","target":{"@type":"EntryPoint","urlTemplate":"https:\/\/spin-samurai.games\/canada\/?s={search_term_string}"},"query-input":{"@type":"PropertyValueSpecification","valueRequired":true,"valueName":"search_term_string"}}],"inLanguage":"fr-CA"}]}},"_links":{"self":[{"href":"https:\/\/spin-samurai.games\/canada\/wp-json\/wp\/v2\/pages\/2","targetHints":{"allow":["GET"]}}],"collection":[{"href":"https:\/\/spin-samurai.games\/canada\/wp-json\/wp\/v2\/pages"}],"about":[{"href":"https:\/\/spin-samurai.games\/canada\/wp-json\/wp\/v2\/types\/page"}],"author":[{"embeddable":true,"href":"https:\/\/spin-samurai.games\/canada\/wp-json\/wp\/v2\/users\/1"}],"replies":[{"embeddable":true,"href":"https:\/\/spin-samurai.games\/canada\/wp-json\/wp\/v2\/comments?post=2"}],"version-history":[{"count":15,"href":"https:\/\/spin-samurai.games\/canada\/wp-json\/wp\/v2\/pages\/2\/revisions"}],"predecessor-version":[{"id":1162,"href":"https:\/\/spin-samurai.games\/canada\/wp-json\/wp\/v2\/pages\/2\/revisions\/1162"}],"wp:attachment":[{"href":"https:\/\/spin-samurai.games\/canada\/wp-json\/wp\/v2\/media?parent=2"}],"curies":[{"name":"wp","href":"https:\/\/api.w.org\/{rel}","templated":true}]}}