{"id":1084,"date":"2025-08-28T20:54:04","date_gmt":"2025-08-28T17:54:04","guid":{"rendered":"https:\/\/spin-samurai.games\/canada\/?page_id=1084"},"modified":"2025-09-28T11:05:43","modified_gmt":"2025-09-28T08:05:43","slug":"affiliate","status":"publish","type":"page","link":"https:\/\/spin-samurai.games\/canada\/affiliate\/","title":{"rendered":"Affiliation"},"content":{"rendered":"","protected":false},"excerpt":{"rendered":"","protected":false},"author":1,"featured_media":0,"parent":0,"menu_order":0,"comment_status":"closed","ping_status":"closed","template":"","meta":{"_acf_changed":false,"footnotes":""},"class_list":["post-1084","page","type-page","status-publish","hentry"],"acf":[],"yoast_head":"<!-- This site is optimized with the Yoast SEO plugin v25.7 - https:\/\/yoast.com\/wordpress\/plugins\/seo\/ -->\n<title>Programme d&#039;affiliation Spin Samurai | Gagner de l&#039;argent<\/title>\n<meta name=\"description\" content=\"D\u00e9couvrez le programme d&#039;affiliation Spin Samurai Canada et apprenez comment gagner de l&#039;argent en faisant la promotion des casinos en ligne. B\u00e9n\u00e9ficiez de commissions \u00e9lev\u00e9es, de bonus exclusifs et d&#039;une assistance 24h\/24 et 7j\/7 assur\u00e9e par des professionnels.\" \/>\n<meta name=\"robots\" content=\"index, follow, max-snippet:-1, max-image-preview:large, max-video-preview:-1\" \/>\n<link rel=\"canonical\" href=\"http:\/\/spinsamurai.games\/canada\/affiliate\/\" \/>\n<meta property=\"og:locale\" content=\"fr_CA\" \/>\n<meta property=\"og:type\" content=\"article\" \/>\n<meta property=\"og:title\" content=\"Programme d&#039;affiliation Spin Samurai | Gagner de l&#039;argent\" \/>\n<meta property=\"og:description\" content=\"D\u00e9couvrez le programme d&#039;affiliation Spin Samurai Canada et apprenez comment gagner de l&#039;argent en faisant la promotion des casinos en ligne. B\u00e9n\u00e9ficiez de commissions \u00e9lev\u00e9es, de bonus exclusifs et d&#039;une assistance 24h\/24 et 7j\/7 assur\u00e9e par des professionnels.\" \/>\n<meta property=\"og:url\" content=\"http:\/\/spinsamurai.games\/canada\/affiliate\/\" \/>\n<meta property=\"og:site_name\" content=\"Spin Samurai Games ca\" \/>\n<meta property=\"article:modified_time\" content=\"2025-09-28T08:05:43+00:00\" \/>\n<meta name=\"twitter:card\" content=\"summary_large_image\" \/>\n<script type=\"application\/ld+json\" class=\"yoast-schema-graph\">{\"@context\":\"https:\/\/schema.org\",\"@graph\":[{\"@type\":\"WebPage\",\"@id\":\"http:\/\/spinsamurai.games\/canada\/affiliate\/\",\"url\":\"http:\/\/spinsamurai.games\/canada\/affiliate\/\",\"name\":\"Programme d'affiliation Spin Samurai | Gagner de l'argent\",\"isPartOf\":{\"@id\":\"https:\/\/spin-samurai.games\/canada\/#website\"},\"datePublished\":\"2025-08-28T17:54:04+00:00\",\"dateModified\":\"2025-09-28T08:05:43+00:00\",\"description\":\"D\u00e9couvrez le programme d'affiliation Spin Samurai Canada et apprenez comment gagner de l'argent en faisant la promotion des casinos en ligne. B\u00e9n\u00e9ficiez de commissions \u00e9lev\u00e9es, de bonus exclusifs et d'une assistance 24h\/24 et 7j\/7 assur\u00e9e par des professionnels.\",\"breadcrumb\":{\"@id\":\"http:\/\/spinsamurai.games\/canada\/affiliate\/#breadcrumb\"},\"inLanguage\":\"fr-CA\",\"potentialAction\":[{\"@type\":\"ReadAction\",\"target\":[\"http:\/\/spinsamurai.games\/canada\/affiliate\/\"]}]},{\"@type\":\"BreadcrumbList\",\"@id\":\"http:\/\/spinsamurai.games\/canada\/affiliate\/#breadcrumb\",\"itemListElement\":[{\"@type\":\"ListItem\",\"position\":1,\"name\":\"Accueil\",\"item\":\"http:\/\/spinsamurai.games\/canada\/\"},{\"@type\":\"ListItem\",\"position\":2,\"name\":\"Affiliation\"}]},{\"@type\":\"WebSite\",\"@id\":\"https:\/\/spin-samurai.games\/canada\/#website\",\"url\":\"https:\/\/spin-samurai.games\/canada\/\",\"name\":\"Spin Samurai Games ca\",\"description\":\"\",\"potentialAction\":[{\"@type\":\"SearchAction\",\"target\":{\"@type\":\"EntryPoint\",\"urlTemplate\":\"https:\/\/spin-samurai.games\/canada\/?s={search_term_string}\"},\"query-input\":{\"@type\":\"PropertyValueSpecification\",\"valueRequired\":true,\"valueName\":\"search_term_string\"}}],\"inLanguage\":\"fr-CA\"}]}<\/script>\n<!-- \/ Yoast SEO plugin. -->","yoast_head_json":{"title":"Programme d'affiliation Spin Samurai | Gagner de l'argent","description":"D\u00e9couvrez le programme d'affiliation Spin Samurai Canada et apprenez comment gagner de l'argent en faisant la promotion des casinos en ligne. B\u00e9n\u00e9ficiez de commissions \u00e9lev\u00e9es, de bonus exclusifs et d'une assistance 24h\/24 et 7j\/7 assur\u00e9e par des professionnels.","robots":{"index":"index","follow":"follow","max-snippet":"max-snippet:-1","max-image-preview":"max-image-preview:large","max-video-preview":"max-video-preview:-1"},"canonical":"http:\/\/spinsamurai.games\/canada\/affiliate\/","og_locale":"fr_CA","og_type":"article","og_title":"Programme d'affiliation Spin Samurai | Gagner de l'argent","og_description":"D\u00e9couvrez le programme d'affiliation Spin Samurai Canada et apprenez comment gagner de l'argent en faisant la promotion des casinos en ligne. B\u00e9n\u00e9ficiez de commissions \u00e9lev\u00e9es, de bonus exclusifs et d'une assistance 24h\/24 et 7j\/7 assur\u00e9e par des professionnels.","og_url":"http:\/\/spinsamurai.games\/canada\/affiliate\/","og_site_name":"Spin Samurai Games ca","article_modified_time":"2025-09-28T08:05:43+00:00","twitter_card":"summary_large_image","schema":{"@context":"https:\/\/schema.org","@graph":[{"@type":"WebPage","@id":"http:\/\/spinsamurai.games\/canada\/affiliate\/","url":"http:\/\/spinsamurai.games\/canada\/affiliate\/","name":"Programme d'affiliation Spin Samurai | Gagner de l'argent","isPartOf":{"@id":"https:\/\/spin-samurai.games\/canada\/#website"},"datePublished":"2025-08-28T17:54:04+00:00","dateModified":"2025-09-28T08:05:43+00:00","description":"D\u00e9couvrez le programme d'affiliation Spin Samurai Canada et apprenez comment gagner de l'argent en faisant la promotion des casinos en ligne. B\u00e9n\u00e9ficiez de commissions \u00e9lev\u00e9es, de bonus exclusifs et d'une assistance 24h\/24 et 7j\/7 assur\u00e9e par des professionnels.","breadcrumb":{"@id":"http:\/\/spinsamurai.games\/canada\/affiliate\/#breadcrumb"},"inLanguage":"fr-CA","potentialAction":[{"@type":"ReadAction","target":["http:\/\/spinsamurai.games\/canada\/affiliate\/"]}]},{"@type":"BreadcrumbList","@id":"http:\/\/spinsamurai.games\/canada\/affiliate\/#breadcrumb","itemListElement":[{"@type":"ListItem","position":1,"name":"Accueil","item":"http:\/\/spinsamurai.games\/canada\/"},{"@type":"ListItem","position":2,"name":"Affiliation"}]},{"@type":"WebSite","@id":"https:\/\/spin-samurai.games\/canada\/#website","url":"https:\/\/spin-samurai.games\/canada\/","name":"Spin Samurai Games ca","description":"","potentialAction":[{"@type":"SearchAction","target":{"@type":"EntryPoint","urlTemplate":"https:\/\/spin-samurai.games\/canada\/?s={search_term_string}"},"query-input":{"@type":"PropertyValueSpecification","valueRequired":true,"valueName":"search_term_string"}}],"inLanguage":"fr-CA"}]}},"_links":{"self":[{"href":"https:\/\/spin-samurai.games\/canada\/wp-json\/wp\/v2\/pages\/1084","targetHints":{"allow":["GET"]}}],"collection":[{"href":"https:\/\/spin-samurai.games\/canada\/wp-json\/wp\/v2\/pages"}],"about":[{"href":"https:\/\/spin-samurai.games\/canada\/wp-json\/wp\/v2\/types\/page"}],"author":[{"embeddable":true,"href":"https:\/\/spin-samurai.games\/canada\/wp-json\/wp\/v2\/users\/1"}],"replies":[{"embeddable":true,"href":"https:\/\/spin-samurai.games\/canada\/wp-json\/wp\/v2\/comments?post=1084"}],"version-history":[{"count":8,"href":"https:\/\/spin-samurai.games\/canada\/wp-json\/wp\/v2\/pages\/1084\/revisions"}],"predecessor-version":[{"id":1146,"href":"https:\/\/spin-samurai.games\/canada\/wp-json\/wp\/v2\/pages\/1084\/revisions\/1146"}],"wp:attachment":[{"href":"https:\/\/spin-samurai.games\/canada\/wp-json\/wp\/v2\/media?parent=1084"}],"curies":[{"name":"wp","href":"https:\/\/api.w.org\/{rel}","templated":true}]}}