{"id":1041,"date":"2025-08-28T18:37:29","date_gmt":"2025-08-28T15:37:29","guid":{"rendered":"https:\/\/spin-samurai.games\/canada\/?page_id=1041"},"modified":"2025-09-28T11:20:32","modified_gmt":"2025-09-28T08:20:32","slug":"withdrawal","status":"publish","type":"page","link":"https:\/\/spin-samurai.games\/canada\/withdrawal\/","title":{"rendered":"Retrait"},"content":{"rendered":"","protected":false},"excerpt":{"rendered":"","protected":false},"author":1,"featured_media":0,"parent":0,"menu_order":0,"comment_status":"closed","ping_status":"closed","template":"","meta":{"_acf_changed":false,"footnotes":""},"class_list":["post-1041","page","type-page","status-publish","hentry"],"acf":[],"yoast_head":"<!-- This site is optimized with the Yoast SEO plugin v25.7 - https:\/\/yoast.com\/wordpress\/plugins\/seo\/ -->\n<title>Retrait des gains sur Spin Samurai | Paiements rapides et faciles<\/title>\n<meta name=\"description\" content=\"Comment retirer rapidement et sans probl\u00e8me des fonds du casino Spin Samurai Canada? Notre guide d\u00e9crit les m\u00e9thodes de retrait disponibles, les d\u00e9lais de traitement et donne des conseils pour r\u00e9ussir vos transactions.\" \/>\n<meta name=\"robots\" content=\"index, follow, max-snippet:-1, max-image-preview:large, max-video-preview:-1\" \/>\n<link rel=\"canonical\" href=\"https:\/\/spinsamurai.games\/canada\/withdrawal\/\" \/>\n<meta property=\"og:locale\" content=\"fr_CA\" \/>\n<meta property=\"og:type\" content=\"article\" \/>\n<meta property=\"og:title\" content=\"Retrait des gains sur Spin Samurai | Paiements rapides et faciles\" \/>\n<meta property=\"og:description\" content=\"Comment retirer rapidement et sans probl\u00e8me des fonds du casino Spin Samurai Canada? Notre guide d\u00e9crit les m\u00e9thodes de retrait disponibles, les d\u00e9lais de traitement et donne des conseils pour r\u00e9ussir vos transactions.\" \/>\n<meta property=\"og:url\" content=\"https:\/\/spinsamurai.games\/canada\/withdrawal\/\" \/>\n<meta property=\"og:site_name\" content=\"Spin Samurai Games ca\" \/>\n<meta property=\"article:modified_time\" content=\"2025-09-28T08:20:32+00:00\" \/>\n<meta name=\"twitter:card\" content=\"summary_large_image\" \/>\n<script type=\"application\/ld+json\" class=\"yoast-schema-graph\">{\"@context\":\"https:\/\/schema.org\",\"@graph\":[{\"@type\":\"WebPage\",\"@id\":\"https:\/\/spinsamurai.games\/canada\/withdrawal\/\",\"url\":\"https:\/\/spinsamurai.games\/canada\/withdrawal\/\",\"name\":\"Retrait des gains sur Spin Samurai | Paiements rapides et faciles\",\"isPartOf\":{\"@id\":\"https:\/\/spin-samurai.games\/canada\/#website\"},\"datePublished\":\"2025-08-28T15:37:29+00:00\",\"dateModified\":\"2025-09-28T08:20:32+00:00\",\"description\":\"Comment retirer rapidement et sans probl\u00e8me des fonds du casino Spin Samurai Canada? Notre guide d\u00e9crit les m\u00e9thodes de retrait disponibles, les d\u00e9lais de traitement et donne des conseils pour r\u00e9ussir vos transactions.\",\"breadcrumb\":{\"@id\":\"https:\/\/spinsamurai.games\/canada\/withdrawal\/#breadcrumb\"},\"inLanguage\":\"fr-CA\",\"potentialAction\":[{\"@type\":\"ReadAction\",\"target\":[\"https:\/\/spinsamurai.games\/canada\/withdrawal\/\"]}]},{\"@type\":\"BreadcrumbList\",\"@id\":\"https:\/\/spinsamurai.games\/canada\/withdrawal\/#breadcrumb\",\"itemListElement\":[{\"@type\":\"ListItem\",\"position\":1,\"name\":\"Accueil\",\"item\":\"http:\/\/spinsamurai.games\/canada\/\"},{\"@type\":\"ListItem\",\"position\":2,\"name\":\"Retrait\"}]},{\"@type\":\"WebSite\",\"@id\":\"https:\/\/spin-samurai.games\/canada\/#website\",\"url\":\"https:\/\/spin-samurai.games\/canada\/\",\"name\":\"Spin Samurai Games ca\",\"description\":\"\",\"potentialAction\":[{\"@type\":\"SearchAction\",\"target\":{\"@type\":\"EntryPoint\",\"urlTemplate\":\"https:\/\/spin-samurai.games\/canada\/?s={search_term_string}\"},\"query-input\":{\"@type\":\"PropertyValueSpecification\",\"valueRequired\":true,\"valueName\":\"search_term_string\"}}],\"inLanguage\":\"fr-CA\"}]}<\/script>\n<!-- \/ Yoast SEO plugin. -->","yoast_head_json":{"title":"Retrait des gains sur Spin Samurai | Paiements rapides et faciles","description":"Comment retirer rapidement et sans probl\u00e8me des fonds du casino Spin Samurai Canada? Notre guide d\u00e9crit les m\u00e9thodes de retrait disponibles, les d\u00e9lais de traitement et donne des conseils pour r\u00e9ussir vos transactions.","robots":{"index":"index","follow":"follow","max-snippet":"max-snippet:-1","max-image-preview":"max-image-preview:large","max-video-preview":"max-video-preview:-1"},"canonical":"https:\/\/spinsamurai.games\/canada\/withdrawal\/","og_locale":"fr_CA","og_type":"article","og_title":"Retrait des gains sur Spin Samurai | Paiements rapides et faciles","og_description":"Comment retirer rapidement et sans probl\u00e8me des fonds du casino Spin Samurai Canada? Notre guide d\u00e9crit les m\u00e9thodes de retrait disponibles, les d\u00e9lais de traitement et donne des conseils pour r\u00e9ussir vos transactions.","og_url":"https:\/\/spinsamurai.games\/canada\/withdrawal\/","og_site_name":"Spin Samurai Games ca","article_modified_time":"2025-09-28T08:20:32+00:00","twitter_card":"summary_large_image","schema":{"@context":"https:\/\/schema.org","@graph":[{"@type":"WebPage","@id":"https:\/\/spinsamurai.games\/canada\/withdrawal\/","url":"https:\/\/spinsamurai.games\/canada\/withdrawal\/","name":"Retrait des gains sur Spin Samurai | Paiements rapides et faciles","isPartOf":{"@id":"https:\/\/spin-samurai.games\/canada\/#website"},"datePublished":"2025-08-28T15:37:29+00:00","dateModified":"2025-09-28T08:20:32+00:00","description":"Comment retirer rapidement et sans probl\u00e8me des fonds du casino Spin Samurai Canada? Notre guide d\u00e9crit les m\u00e9thodes de retrait disponibles, les d\u00e9lais de traitement et donne des conseils pour r\u00e9ussir vos transactions.","breadcrumb":{"@id":"https:\/\/spinsamurai.games\/canada\/withdrawal\/#breadcrumb"},"inLanguage":"fr-CA","potentialAction":[{"@type":"ReadAction","target":["https:\/\/spinsamurai.games\/canada\/withdrawal\/"]}]},{"@type":"BreadcrumbList","@id":"https:\/\/spinsamurai.games\/canada\/withdrawal\/#breadcrumb","itemListElement":[{"@type":"ListItem","position":1,"name":"Accueil","item":"http:\/\/spinsamurai.games\/canada\/"},{"@type":"ListItem","position":2,"name":"Retrait"}]},{"@type":"WebSite","@id":"https:\/\/spin-samurai.games\/canada\/#website","url":"https:\/\/spin-samurai.games\/canada\/","name":"Spin Samurai Games ca","description":"","potentialAction":[{"@type":"SearchAction","target":{"@type":"EntryPoint","urlTemplate":"https:\/\/spin-samurai.games\/canada\/?s={search_term_string}"},"query-input":{"@type":"PropertyValueSpecification","valueRequired":true,"valueName":"search_term_string"}}],"inLanguage":"fr-CA"}]}},"_links":{"self":[{"href":"https:\/\/spin-samurai.games\/canada\/wp-json\/wp\/v2\/pages\/1041","targetHints":{"allow":["GET"]}}],"collection":[{"href":"https:\/\/spin-samurai.games\/canada\/wp-json\/wp\/v2\/pages"}],"about":[{"href":"https:\/\/spin-samurai.games\/canada\/wp-json\/wp\/v2\/types\/page"}],"author":[{"embeddable":true,"href":"https:\/\/spin-samurai.games\/canada\/wp-json\/wp\/v2\/users\/1"}],"replies":[{"embeddable":true,"href":"https:\/\/spin-samurai.games\/canada\/wp-json\/wp\/v2\/comments?post=1041"}],"version-history":[{"count":11,"href":"https:\/\/spin-samurai.games\/canada\/wp-json\/wp\/v2\/pages\/1041\/revisions"}],"predecessor-version":[{"id":1174,"href":"https:\/\/spin-samurai.games\/canada\/wp-json\/wp\/v2\/pages\/1041\/revisions\/1174"}],"wp:attachment":[{"href":"https:\/\/spin-samurai.games\/canada\/wp-json\/wp\/v2\/media?parent=1041"}],"curies":[{"name":"wp","href":"https:\/\/api.w.org\/{rel}","templated":true}]}}