{"id":1006,"date":"2025-08-26T15:58:20","date_gmt":"2025-08-26T12:58:20","guid":{"rendered":"https:\/\/spin-samurai.games\/canada\/?page_id=1006"},"modified":"2025-09-28T11:16:40","modified_gmt":"2025-09-28T08:16:40","slug":"deposit","status":"publish","type":"page","link":"https:\/\/spin-samurai.games\/canada\/deposit\/","title":{"rendered":"D\u00e9p\u00f4t"},"content":{"rendered":"","protected":false},"excerpt":{"rendered":"","protected":false},"author":1,"featured_media":0,"parent":0,"menu_order":0,"comment_status":"closed","ping_status":"closed","template":"","meta":{"_acf_changed":false,"footnotes":""},"class_list":["post-1006","page","type-page","status-publish","hentry"],"acf":[],"yoast_head":"<!-- This site is optimized with the Yoast SEO plugin v25.7 - https:\/\/yoast.com\/wordpress\/plugins\/seo\/ -->\n<title>Spin Samurai D\u00e9p\u00f4t | Guide pour alimenter votre compte<\/title>\n<meta name=\"description\" content=\"D\u00e9couvrez \u00e0 quel point il est facile et rapide de recharger votre compte chez Spin Samurai Canada! Guide d\u00e9taill\u00e9 des m\u00e9thodes de d\u00e9p\u00f4t, des montants minimums et des bonus pour les nouveaux joueurs. Commencez \u00e0 gagner d\u00e8s maintenant!\" \/>\n<meta name=\"robots\" content=\"index, follow, max-snippet:-1, max-image-preview:large, max-video-preview:-1\" \/>\n<link rel=\"canonical\" href=\"http:\/\/spinsamurai.games\/canada\/deposit\/\" \/>\n<meta property=\"og:locale\" content=\"fr_CA\" \/>\n<meta property=\"og:type\" content=\"article\" \/>\n<meta property=\"og:title\" content=\"Spin Samurai D\u00e9p\u00f4t | Guide pour alimenter votre compte\" \/>\n<meta property=\"og:description\" content=\"D\u00e9couvrez \u00e0 quel point il est facile et rapide de recharger votre compte chez Spin Samurai Canada! Guide d\u00e9taill\u00e9 des m\u00e9thodes de d\u00e9p\u00f4t, des montants minimums et des bonus pour les nouveaux joueurs. Commencez \u00e0 gagner d\u00e8s maintenant!\" \/>\n<meta property=\"og:url\" content=\"http:\/\/spinsamurai.games\/canada\/deposit\/\" \/>\n<meta property=\"og:site_name\" content=\"Spin Samurai Games ca\" \/>\n<meta property=\"article:modified_time\" content=\"2025-09-28T08:16:40+00:00\" \/>\n<meta name=\"twitter:card\" content=\"summary_large_image\" \/>\n<script type=\"application\/ld+json\" class=\"yoast-schema-graph\">{\"@context\":\"https:\/\/schema.org\",\"@graph\":[{\"@type\":\"WebPage\",\"@id\":\"http:\/\/spinsamurai.games\/canada\/deposit\/\",\"url\":\"http:\/\/spinsamurai.games\/canada\/deposit\/\",\"name\":\"Spin Samurai D\u00e9p\u00f4t | Guide pour alimenter votre compte\",\"isPartOf\":{\"@id\":\"https:\/\/spin-samurai.games\/canada\/#website\"},\"datePublished\":\"2025-08-26T12:58:20+00:00\",\"dateModified\":\"2025-09-28T08:16:40+00:00\",\"description\":\"D\u00e9couvrez \u00e0 quel point il est facile et rapide de recharger votre compte chez Spin Samurai Canada! Guide d\u00e9taill\u00e9 des m\u00e9thodes de d\u00e9p\u00f4t, des montants minimums et des bonus pour les nouveaux joueurs. Commencez \u00e0 gagner d\u00e8s maintenant!\",\"breadcrumb\":{\"@id\":\"http:\/\/spinsamurai.games\/canada\/deposit\/#breadcrumb\"},\"inLanguage\":\"fr-CA\",\"potentialAction\":[{\"@type\":\"ReadAction\",\"target\":[\"http:\/\/spinsamurai.games\/canada\/deposit\/\"]}]},{\"@type\":\"BreadcrumbList\",\"@id\":\"http:\/\/spinsamurai.games\/canada\/deposit\/#breadcrumb\",\"itemListElement\":[{\"@type\":\"ListItem\",\"position\":1,\"name\":\"Accueil\",\"item\":\"http:\/\/spinsamurai.games\/canada\/\"},{\"@type\":\"ListItem\",\"position\":2,\"name\":\"D\u00e9p\u00f4t\"}]},{\"@type\":\"WebSite\",\"@id\":\"https:\/\/spin-samurai.games\/canada\/#website\",\"url\":\"https:\/\/spin-samurai.games\/canada\/\",\"name\":\"Spin Samurai Games ca\",\"description\":\"\",\"potentialAction\":[{\"@type\":\"SearchAction\",\"target\":{\"@type\":\"EntryPoint\",\"urlTemplate\":\"https:\/\/spin-samurai.games\/canada\/?s={search_term_string}\"},\"query-input\":{\"@type\":\"PropertyValueSpecification\",\"valueRequired\":true,\"valueName\":\"search_term_string\"}}],\"inLanguage\":\"fr-CA\"}]}<\/script>\n<!-- \/ Yoast SEO plugin. -->","yoast_head_json":{"title":"Spin Samurai D\u00e9p\u00f4t | Guide pour alimenter votre compte","description":"D\u00e9couvrez \u00e0 quel point il est facile et rapide de recharger votre compte chez Spin Samurai Canada! Guide d\u00e9taill\u00e9 des m\u00e9thodes de d\u00e9p\u00f4t, des montants minimums et des bonus pour les nouveaux joueurs. Commencez \u00e0 gagner d\u00e8s maintenant!","robots":{"index":"index","follow":"follow","max-snippet":"max-snippet:-1","max-image-preview":"max-image-preview:large","max-video-preview":"max-video-preview:-1"},"canonical":"http:\/\/spinsamurai.games\/canada\/deposit\/","og_locale":"fr_CA","og_type":"article","og_title":"Spin Samurai D\u00e9p\u00f4t | Guide pour alimenter votre compte","og_description":"D\u00e9couvrez \u00e0 quel point il est facile et rapide de recharger votre compte chez Spin Samurai Canada! Guide d\u00e9taill\u00e9 des m\u00e9thodes de d\u00e9p\u00f4t, des montants minimums et des bonus pour les nouveaux joueurs. Commencez \u00e0 gagner d\u00e8s maintenant!","og_url":"http:\/\/spinsamurai.games\/canada\/deposit\/","og_site_name":"Spin Samurai Games ca","article_modified_time":"2025-09-28T08:16:40+00:00","twitter_card":"summary_large_image","schema":{"@context":"https:\/\/schema.org","@graph":[{"@type":"WebPage","@id":"http:\/\/spinsamurai.games\/canada\/deposit\/","url":"http:\/\/spinsamurai.games\/canada\/deposit\/","name":"Spin Samurai D\u00e9p\u00f4t | Guide pour alimenter votre compte","isPartOf":{"@id":"https:\/\/spin-samurai.games\/canada\/#website"},"datePublished":"2025-08-26T12:58:20+00:00","dateModified":"2025-09-28T08:16:40+00:00","description":"D\u00e9couvrez \u00e0 quel point il est facile et rapide de recharger votre compte chez Spin Samurai Canada! Guide d\u00e9taill\u00e9 des m\u00e9thodes de d\u00e9p\u00f4t, des montants minimums et des bonus pour les nouveaux joueurs. Commencez \u00e0 gagner d\u00e8s maintenant!","breadcrumb":{"@id":"http:\/\/spinsamurai.games\/canada\/deposit\/#breadcrumb"},"inLanguage":"fr-CA","potentialAction":[{"@type":"ReadAction","target":["http:\/\/spinsamurai.games\/canada\/deposit\/"]}]},{"@type":"BreadcrumbList","@id":"http:\/\/spinsamurai.games\/canada\/deposit\/#breadcrumb","itemListElement":[{"@type":"ListItem","position":1,"name":"Accueil","item":"http:\/\/spinsamurai.games\/canada\/"},{"@type":"ListItem","position":2,"name":"D\u00e9p\u00f4t"}]},{"@type":"WebSite","@id":"https:\/\/spin-samurai.games\/canada\/#website","url":"https:\/\/spin-samurai.games\/canada\/","name":"Spin Samurai Games ca","description":"","potentialAction":[{"@type":"SearchAction","target":{"@type":"EntryPoint","urlTemplate":"https:\/\/spin-samurai.games\/canada\/?s={search_term_string}"},"query-input":{"@type":"PropertyValueSpecification","valueRequired":true,"valueName":"search_term_string"}}],"inLanguage":"fr-CA"}]}},"_links":{"self":[{"href":"https:\/\/spin-samurai.games\/canada\/wp-json\/wp\/v2\/pages\/1006","targetHints":{"allow":["GET"]}}],"collection":[{"href":"https:\/\/spin-samurai.games\/canada\/wp-json\/wp\/v2\/pages"}],"about":[{"href":"https:\/\/spin-samurai.games\/canada\/wp-json\/wp\/v2\/types\/page"}],"author":[{"embeddable":true,"href":"https:\/\/spin-samurai.games\/canada\/wp-json\/wp\/v2\/users\/1"}],"replies":[{"embeddable":true,"href":"https:\/\/spin-samurai.games\/canada\/wp-json\/wp\/v2\/comments?post=1006"}],"version-history":[{"count":9,"href":"https:\/\/spin-samurai.games\/canada\/wp-json\/wp\/v2\/pages\/1006\/revisions"}],"predecessor-version":[{"id":1155,"href":"https:\/\/spin-samurai.games\/canada\/wp-json\/wp\/v2\/pages\/1006\/revisions\/1155"}],"wp:attachment":[{"href":"https:\/\/spin-samurai.games\/canada\/wp-json\/wp\/v2\/media?parent=1006"}],"curies":[{"name":"wp","href":"https:\/\/api.w.org\/{rel}","templated":true}]}}